{"id":4830,"date":"2025-05-30T21:39:22","date_gmt":"2025-05-31T00:39:22","guid":{"rendered":"https:\/\/vohnabrindes.com.br\/?post_type=product&#038;p=4830"},"modified":"2025-05-30T21:39:26","modified_gmt":"2025-05-31T00:39:26","slug":"agenda-a5-personalizada-2","status":"publish","type":"product","link":"https:\/\/vohnabrindes.com.br\/index.php\/product\/agenda-a5-personalizada-2\/","title":{"rendered":"Agenda A5 personalizada."},"content":{"rendered":"<div class=\"ref\">66116-ALLENDE A5.<\/div>\n<div class=\"ref\">Agenda A5 personalizada.<\/div>\n<div class=\"texto\">Agenda A5 em PU com marcador em fita.<\/div>\n<div class=\"texto\">Est\u00e1 organizada num plano di\u00e1rio.<\/div>\n<div class=\"texto\">dimens\u00f5es: 148 x 210 mm<\/div>\n","protected":false},"excerpt":{"rendered":"<p>66116-ALLENDE A5. Agenda A5 personalizada. Agenda A5 em PU com marcador em fita. Est\u00e1 organizada num plano di\u00e1rio. dimens\u00f5es: 148 x 210 mm<\/p>\n","protected":false},"featured_media":1886,"comment_status":"open","ping_status":"closed","template":"","meta":[],"product_cat":[151],"product_tag":[667,156],"class_list":["post-4830","product","type-product","status-publish","has-post-thumbnail","hentry","product_cat-agendas-e-planners","product_tag-agenda-a5-personalizada","product_tag-agendas-personalizadas"],"_links":{"self":[{"href":"https:\/\/vohnabrindes.com.br\/index.php\/wp-json\/wp\/v2\/product\/4830","targetHints":{"allow":["GET"]}}],"collection":[{"href":"https:\/\/vohnabrindes.com.br\/index.php\/wp-json\/wp\/v2\/product"}],"about":[{"href":"https:\/\/vohnabrindes.com.br\/index.php\/wp-json\/wp\/v2\/types\/product"}],"replies":[{"embeddable":true,"href":"https:\/\/vohnabrindes.com.br\/index.php\/wp-json\/wp\/v2\/comments?post=4830"}],"version-history":[{"count":1,"href":"https:\/\/vohnabrindes.com.br\/index.php\/wp-json\/wp\/v2\/product\/4830\/revisions"}],"predecessor-version":[{"id":4861,"href":"https:\/\/vohnabrindes.com.br\/index.php\/wp-json\/wp\/v2\/product\/4830\/revisions\/4861"}],"wp:featuredmedia":[{"embeddable":true,"href":"https:\/\/vohnabrindes.com.br\/index.php\/wp-json\/wp\/v2\/media\/1886"}],"wp:attachment":[{"href":"https:\/\/vohnabrindes.com.br\/index.php\/wp-json\/wp\/v2\/media?parent=4830"}],"wp:term":[{"taxonomy":"product_cat","embeddable":true,"href":"https:\/\/vohnabrindes.com.br\/index.php\/wp-json\/wp\/v2\/product_cat?post=4830"},{"taxonomy":"product_tag","embeddable":true,"href":"https:\/\/vohnabrindes.com.br\/index.php\/wp-json\/wp\/v2\/product_tag?post=4830"}],"curies":[{"name":"wp","href":"https:\/\/api.w.org\/{rel}","templated":true}]}}