{"id":4832,"date":"2025-05-30T21:39:22","date_gmt":"2025-05-31T00:39:22","guid":{"rendered":"https:\/\/vohnabrindes.com.br\/?post_type=product&#038;p=4832"},"modified":"2025-05-30T21:39:28","modified_gmt":"2025-05-31T00:39:28","slug":"agenda-em-cortica-e-linho-personalizada","status":"publish","type":"product","link":"https:\/\/vohnabrindes.com.br\/index.php\/product\/agenda-em-cortica-e-linho-personalizada\/","title":{"rendered":"Agenda em corti\u00e7a e linho personalizada."},"content":{"rendered":"<div class=\"ref\">\n<div class=\"ref\">66199-QUENTAL A5.<\/div>\n<div class=\"ref\">Agenda em corti\u00e7a e linho personalizada.<\/div>\n<div class=\"texto\">Agenda A5 em corti\u00e7a e linho com suporte para esferogr\u00e1fica (n\u00e3o inclusa), marcador em fita e el\u00e1stico para fecho na mesma cor. Est\u00e1 organizada num plano di\u00e1rio. Fornecida com bolsa de non-woven. 148 x 210 mm | Bolsa: 205 x 250 mm<\/div>\n<\/div>\n","protected":false},"excerpt":{"rendered":"<p>66199-QUENTAL A5. Agenda em corti\u00e7a e linho personalizada. Agenda A5 em corti\u00e7a e linho com suporte para esferogr\u00e1fica (n\u00e3o inclusa), marcador em fita e el\u00e1stico para<span class=\"excerpt-hellip\"> [\u2026]<\/span><\/p>\n","protected":false},"featured_media":4863,"comment_status":"open","ping_status":"closed","template":"","meta":[],"product_cat":[151],"product_tag":[153,958,670,156],"class_list":["post-4832","product","type-product","status-publish","has-post-thumbnail","hentry","product_cat-agendas-e-planners","product_tag-agenda","product_tag-agenda-2025","product_tag-agenda-em-cortica-e-linho","product_tag-agendas-personalizadas"],"_links":{"self":[{"href":"https:\/\/vohnabrindes.com.br\/index.php\/wp-json\/wp\/v2\/product\/4832","targetHints":{"allow":["GET"]}}],"collection":[{"href":"https:\/\/vohnabrindes.com.br\/index.php\/wp-json\/wp\/v2\/product"}],"about":[{"href":"https:\/\/vohnabrindes.com.br\/index.php\/wp-json\/wp\/v2\/types\/product"}],"replies":[{"embeddable":true,"href":"https:\/\/vohnabrindes.com.br\/index.php\/wp-json\/wp\/v2\/comments?post=4832"}],"version-history":[{"count":1,"href":"https:\/\/vohnabrindes.com.br\/index.php\/wp-json\/wp\/v2\/product\/4832\/revisions"}],"predecessor-version":[{"id":4864,"href":"https:\/\/vohnabrindes.com.br\/index.php\/wp-json\/wp\/v2\/product\/4832\/revisions\/4864"}],"wp:featuredmedia":[{"embeddable":true,"href":"https:\/\/vohnabrindes.com.br\/index.php\/wp-json\/wp\/v2\/media\/4863"}],"wp:attachment":[{"href":"https:\/\/vohnabrindes.com.br\/index.php\/wp-json\/wp\/v2\/media?parent=4832"}],"wp:term":[{"taxonomy":"product_cat","embeddable":true,"href":"https:\/\/vohnabrindes.com.br\/index.php\/wp-json\/wp\/v2\/product_cat?post=4832"},{"taxonomy":"product_tag","embeddable":true,"href":"https:\/\/vohnabrindes.com.br\/index.php\/wp-json\/wp\/v2\/product_tag?post=4832"}],"curies":[{"name":"wp","href":"https:\/\/api.w.org\/{rel}","templated":true}]}}