{"id":4835,"date":"2025-05-30T21:39:22","date_gmt":"2025-05-31T00:39:22","guid":{"rendered":"https:\/\/vohnabrindes.com.br\/?post_type=product&#038;p=4835"},"modified":"2025-05-30T21:39:28","modified_gmt":"2025-05-31T00:39:28","slug":"agenda-de-bolso-personalizada-2","status":"publish","type":"product","link":"https:\/\/vohnabrindes.com.br\/index.php\/product\/agenda-de-bolso-personalizada-2\/","title":{"rendered":"Agenda de bolso personalizada."},"content":{"rendered":"<div class=\"ref\">66208-FALKNER POCKET.<\/div>\n<div class=\"ref\"><\/div>\n<div class=\"texto\">Agenda de bolso com capa r\u00edgida em papel pedra e marcador em fita, com aspeto m\u00e1rmore e cantos retos.<\/div>\n<div class=\"texto\">Est\u00e1 organizada num plano bissemanal. 85 x 145 mm<\/div>\n","protected":false},"excerpt":{"rendered":"<p>66208-FALKNER POCKET. Agenda de bolso com capa r\u00edgida em papel pedra e marcador em fita, com aspeto m\u00e1rmore e cantos retos. Est\u00e1 organizada num plano bissemanal.<span class=\"excerpt-hellip\"> [\u2026]<\/span><\/p>\n","protected":false},"featured_media":1903,"comment_status":"open","ping_status":"closed","template":"","meta":[],"product_cat":[151],"product_tag":[153,668,156],"class_list":["post-4835","product","type-product","status-publish","has-post-thumbnail","hentry","product_cat-agendas-e-planners","product_tag-agenda","product_tag-agenda-de-bolso-personalizada","product_tag-agendas-personalizadas"],"_links":{"self":[{"href":"https:\/\/vohnabrindes.com.br\/index.php\/wp-json\/wp\/v2\/product\/4835","targetHints":{"allow":["GET"]}}],"collection":[{"href":"https:\/\/vohnabrindes.com.br\/index.php\/wp-json\/wp\/v2\/product"}],"about":[{"href":"https:\/\/vohnabrindes.com.br\/index.php\/wp-json\/wp\/v2\/types\/product"}],"replies":[{"embeddable":true,"href":"https:\/\/vohnabrindes.com.br\/index.php\/wp-json\/wp\/v2\/comments?post=4835"}],"version-history":[{"count":1,"href":"https:\/\/vohnabrindes.com.br\/index.php\/wp-json\/wp\/v2\/product\/4835\/revisions"}],"predecessor-version":[{"id":4867,"href":"https:\/\/vohnabrindes.com.br\/index.php\/wp-json\/wp\/v2\/product\/4835\/revisions\/4867"}],"wp:featuredmedia":[{"embeddable":true,"href":"https:\/\/vohnabrindes.com.br\/index.php\/wp-json\/wp\/v2\/media\/1903"}],"wp:attachment":[{"href":"https:\/\/vohnabrindes.com.br\/index.php\/wp-json\/wp\/v2\/media?parent=4835"}],"wp:term":[{"taxonomy":"product_cat","embeddable":true,"href":"https:\/\/vohnabrindes.com.br\/index.php\/wp-json\/wp\/v2\/product_cat?post=4835"},{"taxonomy":"product_tag","embeddable":true,"href":"https:\/\/vohnabrindes.com.br\/index.php\/wp-json\/wp\/v2\/product_tag?post=4835"}],"curies":[{"name":"wp","href":"https:\/\/api.w.org\/{rel}","templated":true}]}}