{"id":4838,"date":"2025-05-30T21:39:23","date_gmt":"2025-05-31T00:39:23","guid":{"rendered":"https:\/\/vohnabrindes.com.br\/?post_type=product&#038;p=4838"},"modified":"2025-05-30T21:39:28","modified_gmt":"2025-05-31T00:39:28","slug":"blocos-adesivados-personalizado-2","status":"publish","type":"product","link":"https:\/\/vohnabrindes.com.br\/index.php\/product\/blocos-adesivados-personalizado-2\/","title":{"rendered":"Blocos adesivados personalizado."},"content":{"rendered":"<div class=\"ref\">93735-TAZY.<\/div>\n<div class=\"ref\">Blocos adesivados personalizados.<\/div>\n<div class=\"texto\">Porta cart\u00f5es em kraft com el\u00e1stico, acompanha 6 blocos adesivados com 22 folhas cada.<\/div>\n<div class=\"texto\">dimens\u00f5es: 104 x 65 x 5 mm<\/div>\n","protected":false},"excerpt":{"rendered":"<p>93735-TAZY. Blocos adesivados personalizados. Porta cart\u00f5es em kraft com el\u00e1stico, acompanha 6 blocos adesivados com 22 folhas cada. dimens\u00f5es: 104 x 65 x 5 mm<\/p>\n","protected":false},"featured_media":1909,"comment_status":"open","ping_status":"closed","template":"","meta":[],"product_cat":[146],"product_tag":[157,675,676],"class_list":["post-4838","product","type-product","status-publish","has-post-thumbnail","hentry","product_cat-blocos-e-cadernetas","product_tag-bloco-com-post-its","product_tag-bloco-personalizado","product_tag-blocos-adesivados-personalizado"],"_links":{"self":[{"href":"https:\/\/vohnabrindes.com.br\/index.php\/wp-json\/wp\/v2\/product\/4838","targetHints":{"allow":["GET"]}}],"collection":[{"href":"https:\/\/vohnabrindes.com.br\/index.php\/wp-json\/wp\/v2\/product"}],"about":[{"href":"https:\/\/vohnabrindes.com.br\/index.php\/wp-json\/wp\/v2\/types\/product"}],"replies":[{"embeddable":true,"href":"https:\/\/vohnabrindes.com.br\/index.php\/wp-json\/wp\/v2\/comments?post=4838"}],"version-history":[{"count":1,"href":"https:\/\/vohnabrindes.com.br\/index.php\/wp-json\/wp\/v2\/product\/4838\/revisions"}],"predecessor-version":[{"id":4870,"href":"https:\/\/vohnabrindes.com.br\/index.php\/wp-json\/wp\/v2\/product\/4838\/revisions\/4870"}],"wp:featuredmedia":[{"embeddable":true,"href":"https:\/\/vohnabrindes.com.br\/index.php\/wp-json\/wp\/v2\/media\/1909"}],"wp:attachment":[{"href":"https:\/\/vohnabrindes.com.br\/index.php\/wp-json\/wp\/v2\/media?parent=4838"}],"wp:term":[{"taxonomy":"product_cat","embeddable":true,"href":"https:\/\/vohnabrindes.com.br\/index.php\/wp-json\/wp\/v2\/product_cat?post=4838"},{"taxonomy":"product_tag","embeddable":true,"href":"https:\/\/vohnabrindes.com.br\/index.php\/wp-json\/wp\/v2\/product_tag?post=4838"}],"curies":[{"name":"wp","href":"https:\/\/api.w.org\/{rel}","templated":true}]}}