{"id":4839,"date":"2025-05-30T21:39:23","date_gmt":"2025-05-31T00:39:23","guid":{"rendered":"https:\/\/vohnabrindes.com.br\/?post_type=product&#038;p=4839"},"modified":"2025-05-30T21:39:28","modified_gmt":"2025-05-31T00:39:28","slug":"pasta-de-convencoes-a4-personalizada","status":"publish","type":"product","link":"https:\/\/vohnabrindes.com.br\/index.php\/product\/pasta-de-convencoes-a4-personalizada\/","title":{"rendered":"Pasta de conven\u00e7\u00f5es A4 personalizada."},"content":{"rendered":"<div class=\"ref\">92044-PASZO.<\/div>\n<div class=\"ref\">Pasta A4 personalizada.<\/div>\n<div class=\"texto\">Pasta A4 em couro sint\u00e9tico e microfibra.<\/div>\n<div class=\"texto\">A pasta cont\u00e9m v\u00e1rios bolsos interiores, um bloco de 20 folhas pautadas e suporte para esferogr\u00e1fica (n\u00e3o inclusa). Placa metal para personaliza\u00e7\u00e3o.<\/div>\n<div class=\"texto\">dimens\u00f5es: 245 x 325 x 40 mm | Chapa: 16 x 45 mm<\/div>\n","protected":false},"excerpt":{"rendered":"<p>92044-PASZO. Pasta A4 personalizada. Pasta A4 em couro sint\u00e9tico e microfibra. A pasta cont\u00e9m v\u00e1rios bolsos interiores, um bloco de 20 folhas pautadas e suporte para<span class=\"excerpt-hellip\"> [\u2026]<\/span><\/p>\n","protected":false},"featured_media":1911,"comment_status":"open","ping_status":"closed","template":"","meta":[],"product_cat":[144],"product_tag":[677,678],"class_list":["post-4839","product","type-product","status-publish","has-post-thumbnail","hentry","product_cat-cadernos-e-pastas","product_tag-pasta-a4-personalizada","product_tag-pasta-de-convencoes-personalizada"],"_links":{"self":[{"href":"https:\/\/vohnabrindes.com.br\/index.php\/wp-json\/wp\/v2\/product\/4839","targetHints":{"allow":["GET"]}}],"collection":[{"href":"https:\/\/vohnabrindes.com.br\/index.php\/wp-json\/wp\/v2\/product"}],"about":[{"href":"https:\/\/vohnabrindes.com.br\/index.php\/wp-json\/wp\/v2\/types\/product"}],"replies":[{"embeddable":true,"href":"https:\/\/vohnabrindes.com.br\/index.php\/wp-json\/wp\/v2\/comments?post=4839"}],"version-history":[{"count":1,"href":"https:\/\/vohnabrindes.com.br\/index.php\/wp-json\/wp\/v2\/product\/4839\/revisions"}],"predecessor-version":[{"id":4871,"href":"https:\/\/vohnabrindes.com.br\/index.php\/wp-json\/wp\/v2\/product\/4839\/revisions\/4871"}],"wp:featuredmedia":[{"embeddable":true,"href":"https:\/\/vohnabrindes.com.br\/index.php\/wp-json\/wp\/v2\/media\/1911"}],"wp:attachment":[{"href":"https:\/\/vohnabrindes.com.br\/index.php\/wp-json\/wp\/v2\/media?parent=4839"}],"wp:term":[{"taxonomy":"product_cat","embeddable":true,"href":"https:\/\/vohnabrindes.com.br\/index.php\/wp-json\/wp\/v2\/product_cat?post=4839"},{"taxonomy":"product_tag","embeddable":true,"href":"https:\/\/vohnabrindes.com.br\/index.php\/wp-json\/wp\/v2\/product_tag?post=4839"}],"curies":[{"name":"wp","href":"https:\/\/api.w.org\/{rel}","templated":true}]}}