{"id":4841,"date":"2025-05-30T21:39:23","date_gmt":"2025-05-31T00:39:23","guid":{"rendered":"https:\/\/vohnabrindes.com.br\/?post_type=product&#038;p=4841"},"modified":"2025-05-30T21:39:28","modified_gmt":"2025-05-31T00:39:28","slug":"pasta-a4-de-convencoes-personalizada-2","status":"publish","type":"product","link":"https:\/\/vohnabrindes.com.br\/index.php\/product\/pasta-a4-de-convencoes-personalizada-2\/","title":{"rendered":"Pasta A4 de conven\u00e7\u00f5es personalizada."},"content":{"rendered":"<div class=\"ref\">92040-FITZGERALD.<\/div>\n<div class=\"ref\">Pasta A4 de conven\u00e7\u00f5es personalizada.<\/div>\n<div class=\"texto\">Pasta A4 em couro sint\u00e9tico e 800D com o interior em microfibra.<\/div>\n<div class=\"texto\">A pasta cont\u00e9m um el\u00e1stico para fechar e no seu interior inclui um bloco de 20 folhas pautadas, 3 bolsos e suporte para esferogr\u00e1fica (n\u00e3o inclusa).<\/div>\n<div class=\"texto\">dimens\u00f5es:245 x 315 x 15 mm<\/div>\n","protected":false},"excerpt":{"rendered":"<p>92040-FITZGERALD. Pasta A4 de conven\u00e7\u00f5es personalizada. Pasta A4 em couro sint\u00e9tico e 800D com o interior em microfibra. A pasta cont\u00e9m um el\u00e1stico para fechar e<span class=\"excerpt-hellip\"> [\u2026]<\/span><\/p>\n","protected":false},"featured_media":1922,"comment_status":"open","ping_status":"closed","template":"","meta":[],"product_cat":[144],"product_tag":[],"class_list":["post-4841","product","type-product","status-publish","has-post-thumbnail","hentry","product_cat-cadernos-e-pastas"],"_links":{"self":[{"href":"https:\/\/vohnabrindes.com.br\/index.php\/wp-json\/wp\/v2\/product\/4841","targetHints":{"allow":["GET"]}}],"collection":[{"href":"https:\/\/vohnabrindes.com.br\/index.php\/wp-json\/wp\/v2\/product"}],"about":[{"href":"https:\/\/vohnabrindes.com.br\/index.php\/wp-json\/wp\/v2\/types\/product"}],"replies":[{"embeddable":true,"href":"https:\/\/vohnabrindes.com.br\/index.php\/wp-json\/wp\/v2\/comments?post=4841"}],"version-history":[{"count":1,"href":"https:\/\/vohnabrindes.com.br\/index.php\/wp-json\/wp\/v2\/product\/4841\/revisions"}],"predecessor-version":[{"id":4873,"href":"https:\/\/vohnabrindes.com.br\/index.php\/wp-json\/wp\/v2\/product\/4841\/revisions\/4873"}],"wp:featuredmedia":[{"embeddable":true,"href":"https:\/\/vohnabrindes.com.br\/index.php\/wp-json\/wp\/v2\/media\/1922"}],"wp:attachment":[{"href":"https:\/\/vohnabrindes.com.br\/index.php\/wp-json\/wp\/v2\/media?parent=4841"}],"wp:term":[{"taxonomy":"product_cat","embeddable":true,"href":"https:\/\/vohnabrindes.com.br\/index.php\/wp-json\/wp\/v2\/product_cat?post=4841"},{"taxonomy":"product_tag","embeddable":true,"href":"https:\/\/vohnabrindes.com.br\/index.php\/wp-json\/wp\/v2\/product_tag?post=4841"}],"curies":[{"name":"wp","href":"https:\/\/api.w.org\/{rel}","templated":true}]}}