{"id":4843,"date":"2025-05-30T21:39:23","date_gmt":"2025-05-31T00:39:23","guid":{"rendered":"https:\/\/vohnabrindes.com.br\/?post_type=product&#038;p=4843"},"modified":"2026-03-03T16:30:22","modified_gmt":"2026-03-03T19:30:22","slug":"kit-petisco-luxo-personalizado","status":"publish","type":"product","link":"https:\/\/vohnabrindes.com.br\/index.php\/product\/kit-petisco-luxo-personalizado\/","title":{"rendered":"kit caneta\u00a0 e chaveiro ecol\u00f3gicos personalizado."},"content":{"rendered":"<div class=\"ref\">95106-EVANS.<\/div>\n<div class=\"ref\">kit caneta\u00a0 e chaveiro ecol\u00f3gicos personalizado.<\/div>\n<div class=\"texto\">Conjunto composto por uma esferogr\u00e1fica e um chaveiro, ambos em metal e corti\u00e7a.<\/div>\n<div class=\"texto\">A esferogr\u00e1fica tem clipe em metal, mecanismo twist e escrita em azul.<\/div>\n<div class=\"texto\">Fornecido em caixa presente de papel kraft reciclado.<\/div>\n<div class=\"texto\">A cor e o resultado da impress\u00e3o nos materiais naturais pode variar entre produtos.<\/div>\n<div class=\"texto\">Esferogr\u00e1fica: \u00f811 x 137 mm | Chaveiro: 20 x 100 mm | Caixa: 70 x 160 x 17mm<\/div>\n","protected":false},"excerpt":{"rendered":"<p>95106-EVANS. kit caneta\u00a0 e chaveiro ecol\u00f3gicos personalizado. Conjunto composto por uma esferogr\u00e1fica e um chaveiro, ambos em metal e corti\u00e7a. A esferogr\u00e1fica tem clipe em metal,<span class=\"excerpt-hellip\"> [\u2026]<\/span><\/p>\n","protected":false},"featured_media":6267,"comment_status":"closed","ping_status":"closed","template":"","meta":[],"product_cat":[530,165],"product_tag":[2391,2400],"class_list":["post-4843","product","type-product","status-publish","has-post-thumbnail","hentry","product_cat-canetas-de-metal","product_cat-escritorio-e-conjuntos-executivos","product_tag-brindes-ecologicos","product_tag-kit-caneta-e-chaveiro-ecologicos-personalizado"],"_links":{"self":[{"href":"https:\/\/vohnabrindes.com.br\/index.php\/wp-json\/wp\/v2\/product\/4843","targetHints":{"allow":["GET"]}}],"collection":[{"href":"https:\/\/vohnabrindes.com.br\/index.php\/wp-json\/wp\/v2\/product"}],"about":[{"href":"https:\/\/vohnabrindes.com.br\/index.php\/wp-json\/wp\/v2\/types\/product"}],"replies":[{"embeddable":true,"href":"https:\/\/vohnabrindes.com.br\/index.php\/wp-json\/wp\/v2\/comments?post=4843"}],"version-history":[{"count":2,"href":"https:\/\/vohnabrindes.com.br\/index.php\/wp-json\/wp\/v2\/product\/4843\/revisions"}],"predecessor-version":[{"id":6268,"href":"https:\/\/vohnabrindes.com.br\/index.php\/wp-json\/wp\/v2\/product\/4843\/revisions\/6268"}],"wp:featuredmedia":[{"embeddable":true,"href":"https:\/\/vohnabrindes.com.br\/index.php\/wp-json\/wp\/v2\/media\/6267"}],"wp:attachment":[{"href":"https:\/\/vohnabrindes.com.br\/index.php\/wp-json\/wp\/v2\/media?parent=4843"}],"wp:term":[{"taxonomy":"product_cat","embeddable":true,"href":"https:\/\/vohnabrindes.com.br\/index.php\/wp-json\/wp\/v2\/product_cat?post=4843"},{"taxonomy":"product_tag","embeddable":true,"href":"https:\/\/vohnabrindes.com.br\/index.php\/wp-json\/wp\/v2\/product_tag?post=4843"}],"curies":[{"name":"wp","href":"https:\/\/api.w.org\/{rel}","templated":true}]}}