{"id":4845,"date":"2025-05-30T21:39:23","date_gmt":"2025-05-31T00:39:23","guid":{"rendered":"https:\/\/vohnabrindes.com.br\/?post_type=product&#038;p=4845"},"modified":"2025-05-30T21:39:29","modified_gmt":"2025-05-31T00:39:29","slug":"petisqueira-em-bambu-luxo-personalizada","status":"publish","type":"product","link":"https:\/\/vohnabrindes.com.br\/index.php\/product\/petisqueira-em-bambu-luxo-personalizada\/","title":{"rendered":"Petisqueira em bambu luxo personalizada."},"content":{"rendered":"<pre class=\"fc-azul ff-opensans no-margin\">\r\nPetisqueira girat\u00f3ria em bambu. Conta com seis divis\u00f3rias, com placas remov\u00edveis, \r\ne um bowl para molhos e pat\u00eas.\r\n\r\nPD-00503<\/pre>\n<div class=\"col-xs-12 col-sm-4 titulo ff-nunito fw-semibold texto-upper\">\n<p class=\"no-margin fc-cinza4\">DIMENS\u00c3O DO PRODUTO: \u00d8 30,5cm<\/p>\n<\/div>\n<div class=\"col-xs-12 col-sm-4 titulo ff-nunito fw-semibold texto-upper\">\n<p class=\"no-margin fc-cinza4\">MATERIAL DA EMBALAGEM: Caixa Preta<\/p>\n<\/div>\n<div class=\"col-xs-12 col-sm-4 titulo ff-nunito fw-semibold texto-upper\">\n<p class=\"no-margin fc-cinza4\">DIMENS\u00c3O DA EMBALAGEM: 310x310x80 mm (AxLxP)<\/p>\n<\/div>\n<div class=\"especificacao col-xs-12 no-padding\">\n<div class=\"col-xs-12 col-sm-4 titulo ff-nunito fw-semibold texto-upper\">\n<pre class=\"no-margin fc-cinza4\">PESO: 1.382 g (com embalagem)<\/pre>\n<\/div>\n<\/div>\n","protected":false},"excerpt":{"rendered":"<p>Petisqueira girat\u00f3ria em bambu. Conta com seis divis\u00f3rias, com placas remov\u00edveis, e um bowl para molhos e pat\u00eas. PD-00503 DIMENS\u00c3O DO PRODUTO: \u00d8 30,5cm MATERIAL DA<span class=\"excerpt-hellip\"> [\u2026]<\/span><\/p>\n","protected":false},"featured_media":1930,"comment_status":"open","ping_status":"closed","template":"","meta":[],"product_cat":[561,275],"product_tag":[684,683,685,686],"class_list":["post-4845","product","type-product","status-publish","has-post-thumbnail","hentry","product_cat-kit-queijo-e-pizza","product_cat-linha-gourmet","product_tag-kit-petisco","product_tag-kit-petisco-bambu","product_tag-kit-petisco-luxo-personalizado","product_tag-petisqueira-em-bambu-luxo-personalizada"],"_links":{"self":[{"href":"https:\/\/vohnabrindes.com.br\/index.php\/wp-json\/wp\/v2\/product\/4845","targetHints":{"allow":["GET"]}}],"collection":[{"href":"https:\/\/vohnabrindes.com.br\/index.php\/wp-json\/wp\/v2\/product"}],"about":[{"href":"https:\/\/vohnabrindes.com.br\/index.php\/wp-json\/wp\/v2\/types\/product"}],"replies":[{"embeddable":true,"href":"https:\/\/vohnabrindes.com.br\/index.php\/wp-json\/wp\/v2\/comments?post=4845"}],"version-history":[{"count":1,"href":"https:\/\/vohnabrindes.com.br\/index.php\/wp-json\/wp\/v2\/product\/4845\/revisions"}],"predecessor-version":[{"id":4877,"href":"https:\/\/vohnabrindes.com.br\/index.php\/wp-json\/wp\/v2\/product\/4845\/revisions\/4877"}],"wp:featuredmedia":[{"embeddable":true,"href":"https:\/\/vohnabrindes.com.br\/index.php\/wp-json\/wp\/v2\/media\/1930"}],"wp:attachment":[{"href":"https:\/\/vohnabrindes.com.br\/index.php\/wp-json\/wp\/v2\/media?parent=4845"}],"wp:term":[{"taxonomy":"product_cat","embeddable":true,"href":"https:\/\/vohnabrindes.com.br\/index.php\/wp-json\/wp\/v2\/product_cat?post=4845"},{"taxonomy":"product_tag","embeddable":true,"href":"https:\/\/vohnabrindes.com.br\/index.php\/wp-json\/wp\/v2\/product_tag?post=4845"}],"curies":[{"name":"wp","href":"https:\/\/api.w.org\/{rel}","templated":true}]}}