{"id":4848,"date":"2025-05-30T21:39:23","date_gmt":"2025-05-31T00:39:23","guid":{"rendered":"https:\/\/vohnabrindes.com.br\/?post_type=product&#038;p=4848"},"modified":"2025-05-30T21:39:29","modified_gmt":"2025-05-31T00:39:29","slug":"caixa-de-som-portatil-personalizada-2","status":"publish","type":"product","link":"https:\/\/vohnabrindes.com.br\/index.php\/product\/caixa-de-som-portatil-personalizada-2\/","title":{"rendered":"Caixa de som port\u00e1til personalizada."},"content":{"rendered":"<div class=\"ref\">97095-TILLY.<\/div>\n<div class=\"ref\">Caixa de som port\u00e1til<\/div>\n<div class=\"texto\">Caixa de som port\u00e1til em ABS reciclado e bambu.<\/div>\n<div class=\"texto\">Com pot\u00eancia de 3W e transmiss\u00e3o sem fios BT v5.0 e fun\u00e7\u00e3o de r\u00e1dio.<\/div>\n<div class=\"texto\">Autonomia aproximada de 5h com uma bateria de 1200 mAh.<\/div>\n<div class=\"texto\">Fornecido em caixa presente de papel kraft.<\/div>\n<div class=\"texto\">dimens\u00f5es:135 x 40 x 65 mm<\/div>\n","protected":false},"excerpt":{"rendered":"<p>97095-TILLY. Caixa de som port\u00e1til Caixa de som port\u00e1til em ABS reciclado e bambu. Com pot\u00eancia de 3W e transmiss\u00e3o sem fios BT v5.0 e fun\u00e7\u00e3o<span class=\"excerpt-hellip\"> [\u2026]<\/span><\/p>\n","protected":false},"featured_media":1936,"comment_status":"open","ping_status":"closed","template":"","meta":[],"product_cat":[377],"product_tag":[637,642],"class_list":["post-4848","product","type-product","status-publish","has-post-thumbnail","hentry","product_cat-informatica-som-e-tecnologia","product_tag-caixa-de-som","product_tag-caixa-de-som-portatil-personalizada"],"_links":{"self":[{"href":"https:\/\/vohnabrindes.com.br\/index.php\/wp-json\/wp\/v2\/product\/4848","targetHints":{"allow":["GET"]}}],"collection":[{"href":"https:\/\/vohnabrindes.com.br\/index.php\/wp-json\/wp\/v2\/product"}],"about":[{"href":"https:\/\/vohnabrindes.com.br\/index.php\/wp-json\/wp\/v2\/types\/product"}],"replies":[{"embeddable":true,"href":"https:\/\/vohnabrindes.com.br\/index.php\/wp-json\/wp\/v2\/comments?post=4848"}],"version-history":[{"count":1,"href":"https:\/\/vohnabrindes.com.br\/index.php\/wp-json\/wp\/v2\/product\/4848\/revisions"}],"predecessor-version":[{"id":4880,"href":"https:\/\/vohnabrindes.com.br\/index.php\/wp-json\/wp\/v2\/product\/4848\/revisions\/4880"}],"wp:featuredmedia":[{"embeddable":true,"href":"https:\/\/vohnabrindes.com.br\/index.php\/wp-json\/wp\/v2\/media\/1936"}],"wp:attachment":[{"href":"https:\/\/vohnabrindes.com.br\/index.php\/wp-json\/wp\/v2\/media?parent=4848"}],"wp:term":[{"taxonomy":"product_cat","embeddable":true,"href":"https:\/\/vohnabrindes.com.br\/index.php\/wp-json\/wp\/v2\/product_cat?post=4848"},{"taxonomy":"product_tag","embeddable":true,"href":"https:\/\/vohnabrindes.com.br\/index.php\/wp-json\/wp\/v2\/product_tag?post=4848"}],"curies":[{"name":"wp","href":"https:\/\/api.w.org\/{rel}","templated":true}]}}