{"id":4849,"date":"2025-05-30T21:39:23","date_gmt":"2025-05-31T00:39:23","guid":{"rendered":"https:\/\/vohnabrindes.com.br\/?post_type=product&#038;p=4849"},"modified":"2026-03-03T16:30:22","modified_gmt":"2026-03-03T19:30:22","slug":"caixa-de-som-portatil-personalizada-3","status":"publish","type":"product","link":"https:\/\/vohnabrindes.com.br\/index.php\/product\/caixa-de-som-portatil-personalizada-3\/","title":{"rendered":"Cabo USB super-r\u00e1pido 6 em 1 personalizado."},"content":{"rendered":"<div class=\"ref\">97146-BERTOZZI.<\/div>\n<div class=\"ref\">Adaptador Cabo USB super-r\u00e1pido 6 em 1 em alum\u00ednio 20% reciclado e PET 4% reciclado, permitindo a tranfer\u00eancia de dados<\/div>\n<div class=\"texto\">Cabo super-r\u00e1pido 6 em 1 em alum\u00ednio 20% reciclado e PET 4% reciclado.<\/div>\n<div class=\"texto\">Permite carregamento super-r\u00e1pido de 60W via USB-C e transfer\u00eancia de dados.<\/div>\n<div class=\"texto\">Apresenta uma entrada dupla USB-A\/USB-C e duas sa\u00eddas com duas portas USB-C que podem ser utilizadas em simult\u00e2neo. Em uma das extremidades tem uma sa\u00edda compat\u00edvel com lightning com carregamento r\u00e1pido de 27W e na outra extremidade uma sa\u00edda dupla micro-USB e compat\u00edvel com lightning de 10W.<\/div>\n<div class=\"texto\">Fornecido em caixa presente de papel kraft reciclado.<\/div>\n<div class=\"texto\">1000 x 25 mm | Caixa: 155 x 40 x 30 mm<\/div>\n","protected":false},"excerpt":{"rendered":"<p>97146-BERTOZZI. Adaptador Cabo USB super-r\u00e1pido 6 em 1 em alum\u00ednio 20% reciclado e PET 4% reciclado, permitindo a tranfer\u00eancia de dados Cabo super-r\u00e1pido 6 em 1<span class=\"excerpt-hellip\"> [\u2026]<\/span><\/p>\n","protected":false},"featured_media":6271,"comment_status":"closed","ping_status":"closed","template":"","meta":[],"product_cat":[125,377],"product_tag":[2343,1295,2402],"class_list":["post-4849","product","type-product","status-publish","has-post-thumbnail","hentry","product_cat-carregadores-powerbank","product_cat-informatica-som-e-tecnologia","product_tag-adaptador-personalizado","product_tag-brindes-tecnologicos","product_tag-cabo-usb-super-rapido-6-em-1-personalizado"],"_links":{"self":[{"href":"https:\/\/vohnabrindes.com.br\/index.php\/wp-json\/wp\/v2\/product\/4849","targetHints":{"allow":["GET"]}}],"collection":[{"href":"https:\/\/vohnabrindes.com.br\/index.php\/wp-json\/wp\/v2\/product"}],"about":[{"href":"https:\/\/vohnabrindes.com.br\/index.php\/wp-json\/wp\/v2\/types\/product"}],"replies":[{"embeddable":true,"href":"https:\/\/vohnabrindes.com.br\/index.php\/wp-json\/wp\/v2\/comments?post=4849"}],"version-history":[{"count":2,"href":"https:\/\/vohnabrindes.com.br\/index.php\/wp-json\/wp\/v2\/product\/4849\/revisions"}],"predecessor-version":[{"id":6272,"href":"https:\/\/vohnabrindes.com.br\/index.php\/wp-json\/wp\/v2\/product\/4849\/revisions\/6272"}],"wp:featuredmedia":[{"embeddable":true,"href":"https:\/\/vohnabrindes.com.br\/index.php\/wp-json\/wp\/v2\/media\/6271"}],"wp:attachment":[{"href":"https:\/\/vohnabrindes.com.br\/index.php\/wp-json\/wp\/v2\/media?parent=4849"}],"wp:term":[{"taxonomy":"product_cat","embeddable":true,"href":"https:\/\/vohnabrindes.com.br\/index.php\/wp-json\/wp\/v2\/product_cat?post=4849"},{"taxonomy":"product_tag","embeddable":true,"href":"https:\/\/vohnabrindes.com.br\/index.php\/wp-json\/wp\/v2\/product_tag?post=4849"}],"curies":[{"name":"wp","href":"https:\/\/api.w.org\/{rel}","templated":true}]}}