{"id":4850,"date":"2025-05-30T21:39:23","date_gmt":"2025-05-31T00:39:23","guid":{"rendered":"https:\/\/vohnabrindes.com.br\/?post_type=product&#038;p=4850"},"modified":"2025-05-30T21:39:29","modified_gmt":"2025-05-31T00:39:29","slug":"lapis-com-borracha-personalizado","status":"publish","type":"product","link":"https:\/\/vohnabrindes.com.br\/index.php\/product\/lapis-com-borracha-personalizado\/","title":{"rendered":"L\u00e1pis com borracha personalizado."},"content":{"rendered":"<div class=\"ref\">51736-ATENEO.<\/div>\n<div class=\"ref\"><\/div>\n<div class=\"texto\">L\u00e1pis com borracha personalizado.<\/div>\n<div class=\"texto\">Grau de dureza: HB. \u00f87 x 190 mm<\/div>\n<div>obs: n\u00e3o vai apontado<\/div>\n","protected":false},"excerpt":{"rendered":"<p>51736-ATENEO. L\u00e1pis com borracha personalizado. Grau de dureza: HB. \u00f87 x 190 mm obs: n\u00e3o vai apontado<\/p>\n","protected":false},"featured_media":1940,"comment_status":"open","ping_status":"closed","template":"","meta":[],"product_cat":[395,688],"product_tag":[689,690],"class_list":["post-4850","product","type-product","status-publish","has-post-thumbnail","hentry","product_cat-kids-e-escolar","product_cat-lapis","product_tag-lapis-com-borracha-personalizado","product_tag-lapis-personalizado"],"_links":{"self":[{"href":"https:\/\/vohnabrindes.com.br\/index.php\/wp-json\/wp\/v2\/product\/4850","targetHints":{"allow":["GET"]}}],"collection":[{"href":"https:\/\/vohnabrindes.com.br\/index.php\/wp-json\/wp\/v2\/product"}],"about":[{"href":"https:\/\/vohnabrindes.com.br\/index.php\/wp-json\/wp\/v2\/types\/product"}],"replies":[{"embeddable":true,"href":"https:\/\/vohnabrindes.com.br\/index.php\/wp-json\/wp\/v2\/comments?post=4850"}],"version-history":[{"count":1,"href":"https:\/\/vohnabrindes.com.br\/index.php\/wp-json\/wp\/v2\/product\/4850\/revisions"}],"predecessor-version":[{"id":4882,"href":"https:\/\/vohnabrindes.com.br\/index.php\/wp-json\/wp\/v2\/product\/4850\/revisions\/4882"}],"wp:featuredmedia":[{"embeddable":true,"href":"https:\/\/vohnabrindes.com.br\/index.php\/wp-json\/wp\/v2\/media\/1940"}],"wp:attachment":[{"href":"https:\/\/vohnabrindes.com.br\/index.php\/wp-json\/wp\/v2\/media?parent=4850"}],"wp:term":[{"taxonomy":"product_cat","embeddable":true,"href":"https:\/\/vohnabrindes.com.br\/index.php\/wp-json\/wp\/v2\/product_cat?post=4850"},{"taxonomy":"product_tag","embeddable":true,"href":"https:\/\/vohnabrindes.com.br\/index.php\/wp-json\/wp\/v2\/product_tag?post=4850"}],"curies":[{"name":"wp","href":"https:\/\/api.w.org\/{rel}","templated":true}]}}