{"id":4852,"date":"2025-05-30T21:39:23","date_gmt":"2025-05-31T00:39:23","guid":{"rendered":"https:\/\/vohnabrindes.com.br\/?post_type=product&#038;p=4852"},"modified":"2026-03-03T16:30:22","modified_gmt":"2026-03-03T19:30:22","slug":"lapis-ecologicamente-correto-personalizado","status":"publish","type":"product","link":"https:\/\/vohnabrindes.com.br\/index.php\/product\/lapis-ecologicamente-correto-personalizado\/","title":{"rendered":"Caderno planner personalizado."},"content":{"rendered":"<div class=\"sku\">\n<h6 class=\"products-main-title text-2xl uppercase\">CAD437<\/h6>\n<\/div>\n<h6 class=\"title\">Caderno planner personalizado.<\/h6>\n<div class=\"description\">\n<p>Caderno planner com capa r\u00edgida em PU de 2mm em formato espiral. Cont\u00e9m 90 folhas brancas de 95g\/m\u00b2. Folhas estruturadas em formato de planner para anota\u00e7\u00f5es e gest\u00e3o da rotina.<br \/>\nCont\u00e9m folha de dados pessoais, folha com calend\u00e1rios\u00a0 de 2025 \u00e0 2028 e espa\u00e7o para anota\u00e7\u00f5es mensais.<\/p>\n<p><strong>Dimens\u00e3o do Produto:<\/strong>24&#215;18,5&#215;1,5cm<\/p>\n<p><strong>Peso do Produto:<\/strong>322kg<\/p>\n<\/div>\n","protected":false},"excerpt":{"rendered":"<p>CAD437 Caderno planner personalizado. Caderno planner com capa r\u00edgida em PU de 2mm em formato espiral. Cont\u00e9m 90 folhas brancas de 95g\/m\u00b2. Folhas estruturadas em formato<span class=\"excerpt-hellip\"> [\u2026]<\/span><\/p>\n","protected":false},"featured_media":6273,"comment_status":"closed","ping_status":"closed","template":"","meta":[],"product_cat":[144],"product_tag":[2403,2404,1010],"class_list":["post-4852","product","type-product","status-publish","has-post-thumbnail","hentry","product_cat-cadernos-e-pastas","product_tag-caderno-planner","product_tag-caderno-planner-personalizado","product_tag-planner-personalizado"],"_links":{"self":[{"href":"https:\/\/vohnabrindes.com.br\/index.php\/wp-json\/wp\/v2\/product\/4852","targetHints":{"allow":["GET"]}}],"collection":[{"href":"https:\/\/vohnabrindes.com.br\/index.php\/wp-json\/wp\/v2\/product"}],"about":[{"href":"https:\/\/vohnabrindes.com.br\/index.php\/wp-json\/wp\/v2\/types\/product"}],"replies":[{"embeddable":true,"href":"https:\/\/vohnabrindes.com.br\/index.php\/wp-json\/wp\/v2\/comments?post=4852"}],"version-history":[{"count":2,"href":"https:\/\/vohnabrindes.com.br\/index.php\/wp-json\/wp\/v2\/product\/4852\/revisions"}],"predecessor-version":[{"id":6274,"href":"https:\/\/vohnabrindes.com.br\/index.php\/wp-json\/wp\/v2\/product\/4852\/revisions\/6274"}],"wp:featuredmedia":[{"embeddable":true,"href":"https:\/\/vohnabrindes.com.br\/index.php\/wp-json\/wp\/v2\/media\/6273"}],"wp:attachment":[{"href":"https:\/\/vohnabrindes.com.br\/index.php\/wp-json\/wp\/v2\/media?parent=4852"}],"wp:term":[{"taxonomy":"product_cat","embeddable":true,"href":"https:\/\/vohnabrindes.com.br\/index.php\/wp-json\/wp\/v2\/product_cat?post=4852"},{"taxonomy":"product_tag","embeddable":true,"href":"https:\/\/vohnabrindes.com.br\/index.php\/wp-json\/wp\/v2\/product_tag?post=4852"}],"curies":[{"name":"wp","href":"https:\/\/api.w.org\/{rel}","templated":true}]}}