{"id":4853,"date":"2025-05-30T21:39:23","date_gmt":"2025-05-31T00:39:23","guid":{"rendered":"https:\/\/vohnabrindes.com.br\/?post_type=product&#038;p=4853"},"modified":"2025-05-30T21:39:29","modified_gmt":"2025-05-31T00:39:29","slug":"lapis-personalizado","status":"publish","type":"product","link":"https:\/\/vohnabrindes.com.br\/index.php\/product\/lapis-personalizado\/","title":{"rendered":"L\u00e1pis personalizado."},"content":{"rendered":"<div class=\"ref\">51904-BEETLE.<\/div>\n<div class=\"ref\">L\u00e1pis personalizado.<\/div>\n<div class=\"texto\">L\u00e1pis apontado com boneco de borracha. Grau de dureza: HB. \u00f87 x 188 mm<\/div>\n","protected":false},"excerpt":{"rendered":"<p>51904-BEETLE. L\u00e1pis personalizado. L\u00e1pis apontado com boneco de borracha. Grau de dureza: HB. \u00f87 x 188 mm<\/p>\n","protected":false},"featured_media":1956,"comment_status":"open","ping_status":"closed","template":"","meta":[],"product_cat":[395,688],"product_tag":[690],"class_list":["post-4853","product","type-product","status-publish","has-post-thumbnail","hentry","product_cat-kids-e-escolar","product_cat-lapis","product_tag-lapis-personalizado"],"_links":{"self":[{"href":"https:\/\/vohnabrindes.com.br\/index.php\/wp-json\/wp\/v2\/product\/4853","targetHints":{"allow":["GET"]}}],"collection":[{"href":"https:\/\/vohnabrindes.com.br\/index.php\/wp-json\/wp\/v2\/product"}],"about":[{"href":"https:\/\/vohnabrindes.com.br\/index.php\/wp-json\/wp\/v2\/types\/product"}],"replies":[{"embeddable":true,"href":"https:\/\/vohnabrindes.com.br\/index.php\/wp-json\/wp\/v2\/comments?post=4853"}],"version-history":[{"count":1,"href":"https:\/\/vohnabrindes.com.br\/index.php\/wp-json\/wp\/v2\/product\/4853\/revisions"}],"predecessor-version":[{"id":4885,"href":"https:\/\/vohnabrindes.com.br\/index.php\/wp-json\/wp\/v2\/product\/4853\/revisions\/4885"}],"wp:featuredmedia":[{"embeddable":true,"href":"https:\/\/vohnabrindes.com.br\/index.php\/wp-json\/wp\/v2\/media\/1956"}],"wp:attachment":[{"href":"https:\/\/vohnabrindes.com.br\/index.php\/wp-json\/wp\/v2\/media?parent=4853"}],"wp:term":[{"taxonomy":"product_cat","embeddable":true,"href":"https:\/\/vohnabrindes.com.br\/index.php\/wp-json\/wp\/v2\/product_cat?post=4853"},{"taxonomy":"product_tag","embeddable":true,"href":"https:\/\/vohnabrindes.com.br\/index.php\/wp-json\/wp\/v2\/product_tag?post=4853"}],"curies":[{"name":"wp","href":"https:\/\/api.w.org\/{rel}","templated":true}]}}