{"id":4854,"date":"2025-05-30T21:39:23","date_gmt":"2025-05-31T00:39:23","guid":{"rendered":"https:\/\/vohnabrindes.com.br\/?post_type=product&#038;p=4854"},"modified":"2025-05-30T21:39:29","modified_gmt":"2025-05-31T00:39:29","slug":"kit-escritorio-ou-escolar-escrita-ecologicamente-correto","status":"publish","type":"product","link":"https:\/\/vohnabrindes.com.br\/index.php\/product\/kit-escritorio-ou-escolar-escrita-ecologicamente-correto\/","title":{"rendered":"kit escrit\u00f3rio ou escolar ,escrita ecologicamente correto."},"content":{"rendered":"<div class=\"ref\">51756-POODLE.<\/div>\n<div class=\"ref\">kit escrit\u00f3rio ou escolar , escrita ecologicamente correto.<\/div>\n<div><\/div>\n<div class=\"texto\">Conjunto de desenho fornecido em caixa de madeira.<\/div>\n<div class=\"texto\">Incluso uma r\u00e9gua de 20 cm, seis l\u00e1pis de cor, um l\u00e1pis de grafite, um apontador e uma borracha.<\/div>\n<div class=\"texto\">dimens\u00f5es: 220 x 43 x 32 mm<\/div>\n","protected":false},"excerpt":{"rendered":"<p>51756-POODLE. kit escrit\u00f3rio ou escolar , escrita ecologicamente correto. Conjunto de desenho fornecido em caixa de madeira. Incluso uma r\u00e9gua de 20 cm, seis l\u00e1pis de<span class=\"excerpt-hellip\"> [\u2026]<\/span><\/p>\n","protected":false},"featured_media":1958,"comment_status":"open","ping_status":"closed","template":"","meta":[],"product_cat":[383,165,395,688,126],"product_tag":[693,694,695,696,697],"class_list":["post-4854","product","type-product","status-publish","has-post-thumbnail","hentry","product_cat-canetas-eco","product_cat-escritorio-e-conjuntos-executivos","product_cat-kids-e-escolar","product_cat-lapis","product_cat-linha-ecologica","product_tag-escrita-ecologicamente-correto","product_tag-kit-caneta-e-lapis-eco","product_tag-kit-escolar-personalizado","product_tag-kit-escritorio-ou-escolar","product_tag-kit-escritorio-personalizado"],"_links":{"self":[{"href":"https:\/\/vohnabrindes.com.br\/index.php\/wp-json\/wp\/v2\/product\/4854","targetHints":{"allow":["GET"]}}],"collection":[{"href":"https:\/\/vohnabrindes.com.br\/index.php\/wp-json\/wp\/v2\/product"}],"about":[{"href":"https:\/\/vohnabrindes.com.br\/index.php\/wp-json\/wp\/v2\/types\/product"}],"replies":[{"embeddable":true,"href":"https:\/\/vohnabrindes.com.br\/index.php\/wp-json\/wp\/v2\/comments?post=4854"}],"version-history":[{"count":1,"href":"https:\/\/vohnabrindes.com.br\/index.php\/wp-json\/wp\/v2\/product\/4854\/revisions"}],"predecessor-version":[{"id":4886,"href":"https:\/\/vohnabrindes.com.br\/index.php\/wp-json\/wp\/v2\/product\/4854\/revisions\/4886"}],"wp:featuredmedia":[{"embeddable":true,"href":"https:\/\/vohnabrindes.com.br\/index.php\/wp-json\/wp\/v2\/media\/1958"}],"wp:attachment":[{"href":"https:\/\/vohnabrindes.com.br\/index.php\/wp-json\/wp\/v2\/media?parent=4854"}],"wp:term":[{"taxonomy":"product_cat","embeddable":true,"href":"https:\/\/vohnabrindes.com.br\/index.php\/wp-json\/wp\/v2\/product_cat?post=4854"},{"taxonomy":"product_tag","embeddable":true,"href":"https:\/\/vohnabrindes.com.br\/index.php\/wp-json\/wp\/v2\/product_tag?post=4854"}],"curies":[{"name":"wp","href":"https:\/\/api.w.org\/{rel}","templated":true}]}}