{"id":4855,"date":"2025-05-30T21:39:23","date_gmt":"2025-05-31T00:39:23","guid":{"rendered":"https:\/\/vohnabrindes.com.br\/?post_type=product&#038;p=4855"},"modified":"2026-03-03T16:30:22","modified_gmt":"2026-03-03T19:30:22","slug":"kit-de-escrita-ecologicamente-correto-personalizado","status":"publish","type":"product","link":"https:\/\/vohnabrindes.com.br\/index.php\/product\/kit-de-escrita-ecologicamente-correto-personalizado\/","title":{"rendered":"Ta\u00e7a T\u00e9rmica personalizada."},"content":{"rendered":"<pre id=\"item_referencia\">15282<\/pre>\n<p class=\"produto-nome\">Ta\u00e7a T\u00e9rmica personalizada.<\/p>\n<div class=\"caracs\">\n<div class=\"desc\">\n<p class=\"desc-tit\"><span class=\"desc-sub my-desc-sub\">Ta\u00e7a t\u00e9rmica com capacidade de at\u00e9 350ml. <\/span><\/p>\n<p class=\"desc-tit\"><span class=\"desc-sub my-desc-sub\">Cont\u00e9m estrutura em inox de parede dupla e haste em pl\u00e1stico com base emborrachado antiderrapante.<\/span><\/p>\n<p class=\"desc-tit\"><span class=\"desc-sub my-desc-sub\"> Pode ser desmontada e utilizada como copo. <\/span><\/p>\n<p class=\"desc-tit\"><span class=\"desc-sub my-desc-sub\">Cont\u00e9m base antiderrapante para encaixar no copo quando desmontada.<\/span><\/p>\n<\/div>\n<div class=\"desc\">\n<p class=\"desc-tit\">Altura<span class=\"desc-sub\">\u00a0:\u00a0 19,8 cm<\/span><\/p>\n<\/div>\n<div class=\"desc\">\n<p class=\"desc-tit\">Largura<span class=\"desc-sub\">\u00a0:\u00a0 10,5 cm<\/span><\/p>\n<\/div>\n<div class=\"desc\">\n<p class=\"desc-tit\">Circunfer\u00eancia<span class=\"desc-sub\"> :\u00a0 34,5 cm<\/span><\/p>\n<\/div>\n<div class=\"desc\">\n<p class=\"desc-tit\">Tamanho total aproximado\u00a0<span class=\"desc-sub\">\u00a0(CxL):\u00a0 Copo 10,5 cm<\/span><\/p>\n<\/div>\n<div class=\"desc\">\n<p class=\"desc-tit\">Peso aproximado<span class=\"desc-sub\">\u00a0(g):\u00a0 207<\/span><\/p>\n<\/div>\n<\/div>\n","protected":false},"excerpt":{"rendered":"<p>15282 Ta\u00e7a T\u00e9rmica personalizada. Ta\u00e7a t\u00e9rmica com capacidade de at\u00e9 350ml. Cont\u00e9m estrutura em inox de parede dupla e haste em pl\u00e1stico com base emborrachado antiderrapante.<span class=\"excerpt-hellip\"> [\u2026]<\/span><\/p>\n","protected":false},"featured_media":6275,"comment_status":"closed","ping_status":"closed","template":"","meta":[],"product_cat":[129,448],"product_tag":[2405,2385,2406,2407,2408],"class_list":["post-4855","product","type-product","status-publish","has-post-thumbnail","hentry","product_cat-garrafas-e-squeezes","product_cat-kit-vinho-bar-e-comemoracao","product_tag-brindes-comemoracao","product_tag-brindes-final-de-ano","product_tag-taca","product_tag-taca-personalizada","product_tag-taca-termica-personalizada"],"_links":{"self":[{"href":"https:\/\/vohnabrindes.com.br\/index.php\/wp-json\/wp\/v2\/product\/4855","targetHints":{"allow":["GET"]}}],"collection":[{"href":"https:\/\/vohnabrindes.com.br\/index.php\/wp-json\/wp\/v2\/product"}],"about":[{"href":"https:\/\/vohnabrindes.com.br\/index.php\/wp-json\/wp\/v2\/types\/product"}],"replies":[{"embeddable":true,"href":"https:\/\/vohnabrindes.com.br\/index.php\/wp-json\/wp\/v2\/comments?post=4855"}],"version-history":[{"count":2,"href":"https:\/\/vohnabrindes.com.br\/index.php\/wp-json\/wp\/v2\/product\/4855\/revisions"}],"predecessor-version":[{"id":6276,"href":"https:\/\/vohnabrindes.com.br\/index.php\/wp-json\/wp\/v2\/product\/4855\/revisions\/6276"}],"wp:featuredmedia":[{"embeddable":true,"href":"https:\/\/vohnabrindes.com.br\/index.php\/wp-json\/wp\/v2\/media\/6275"}],"wp:attachment":[{"href":"https:\/\/vohnabrindes.com.br\/index.php\/wp-json\/wp\/v2\/media?parent=4855"}],"wp:term":[{"taxonomy":"product_cat","embeddable":true,"href":"https:\/\/vohnabrindes.com.br\/index.php\/wp-json\/wp\/v2\/product_cat?post=4855"},{"taxonomy":"product_tag","embeddable":true,"href":"https:\/\/vohnabrindes.com.br\/index.php\/wp-json\/wp\/v2\/product_tag?post=4855"}],"curies":[{"name":"wp","href":"https:\/\/api.w.org\/{rel}","templated":true}]}}