{"id":4888,"date":"2025-05-30T21:39:30","date_gmt":"2025-05-31T00:39:30","guid":{"rendered":"https:\/\/vohnabrindes.com.br\/?post_type=product&#038;p=4888"},"modified":"2025-05-30T21:39:31","modified_gmt":"2025-05-31T00:39:31","slug":"caixa-com-10-mini-lapis-de-cor-personalizada","status":"publish","type":"product","link":"https:\/\/vohnabrindes.com.br\/index.php\/product\/caixa-com-10-mini-lapis-de-cor-personalizada\/","title":{"rendered":"Caixa com 10 mini l\u00e1pis de cor personalizada."},"content":{"rendered":"<div class=\"ref\">51931-CRAFTI.<\/div>\n<div><\/div>\n<div class=\"ref\">Caixa com 10 mini l\u00e1pis de cor personalizada.<\/div>\n<div class=\"texto\">Caixa de cart\u00e3o com 10 mini l\u00e1pis de cor.<\/div>\n<div class=\"texto\">dimens\u00f5es: 40 x 90 x 15 mm<\/div>\n","protected":false},"excerpt":{"rendered":"<p>51931-CRAFTI. Caixa com 10 mini l\u00e1pis de cor personalizada. Caixa de cart\u00e3o com 10 mini l\u00e1pis de cor. dimens\u00f5es: 40 x 90 x 15 mm<\/p>\n","protected":false},"featured_media":1962,"comment_status":"open","ping_status":"closed","template":"","meta":[],"product_cat":[395,688],"product_tag":[702,703],"class_list":["post-4888","product","type-product","status-publish","has-post-thumbnail","hentry","product_cat-kids-e-escolar","product_cat-lapis","product_tag-caixa-com-10-mini-lapis-de-cor-personalizada","product_tag-lapis-de-cor-personalizado"],"_links":{"self":[{"href":"https:\/\/vohnabrindes.com.br\/index.php\/wp-json\/wp\/v2\/product\/4888","targetHints":{"allow":["GET"]}}],"collection":[{"href":"https:\/\/vohnabrindes.com.br\/index.php\/wp-json\/wp\/v2\/product"}],"about":[{"href":"https:\/\/vohnabrindes.com.br\/index.php\/wp-json\/wp\/v2\/types\/product"}],"replies":[{"embeddable":true,"href":"https:\/\/vohnabrindes.com.br\/index.php\/wp-json\/wp\/v2\/comments?post=4888"}],"version-history":[{"count":1,"href":"https:\/\/vohnabrindes.com.br\/index.php\/wp-json\/wp\/v2\/product\/4888\/revisions"}],"predecessor-version":[{"id":4918,"href":"https:\/\/vohnabrindes.com.br\/index.php\/wp-json\/wp\/v2\/product\/4888\/revisions\/4918"}],"wp:featuredmedia":[{"embeddable":true,"href":"https:\/\/vohnabrindes.com.br\/index.php\/wp-json\/wp\/v2\/media\/1962"}],"wp:attachment":[{"href":"https:\/\/vohnabrindes.com.br\/index.php\/wp-json\/wp\/v2\/media?parent=4888"}],"wp:term":[{"taxonomy":"product_cat","embeddable":true,"href":"https:\/\/vohnabrindes.com.br\/index.php\/wp-json\/wp\/v2\/product_cat?post=4888"},{"taxonomy":"product_tag","embeddable":true,"href":"https:\/\/vohnabrindes.com.br\/index.php\/wp-json\/wp\/v2\/product_tag?post=4888"}],"curies":[{"name":"wp","href":"https:\/\/api.w.org\/{rel}","templated":true}]}}