{"id":4890,"date":"2025-05-30T21:39:30","date_gmt":"2025-05-31T00:39:30","guid":{"rendered":"https:\/\/vohnabrindes.com.br\/?post_type=product&#038;p=4890"},"modified":"2025-05-30T21:39:31","modified_gmt":"2025-05-31T00:39:31","slug":"caixa-com-6-mini-lapis-de-cor-personalizado","status":"publish","type":"product","link":"https:\/\/vohnabrindes.com.br\/index.php\/product\/caixa-com-6-mini-lapis-de-cor-personalizado\/","title":{"rendered":"Caixa com 6 mini l\u00e1pis de cor personalizado."},"content":{"rendered":"<div class=\"ref\">51751-ROLS.<\/div>\n<div class=\"ref\">Caixa com 6 mini l\u00e1pis de cor personalizado.<\/div>\n<div class=\"texto\">Caixa cil\u00edndrica em cart\u00e3o com 6 mini l\u00e1pis de cor. Incluso apontador. \u00f826 x 106 mm<\/div>\n","protected":false},"excerpt":{"rendered":"<p>51751-ROLS. Caixa com 6 mini l\u00e1pis de cor personalizado. Caixa cil\u00edndrica em cart\u00e3o com 6 mini l\u00e1pis de cor. Incluso apontador. \u00f826 x 106 mm<\/p>\n","protected":false},"featured_media":1972,"comment_status":"open","ping_status":"closed","template":"","meta":[],"product_cat":[395,688],"product_tag":[706],"class_list":["post-4890","product","type-product","status-publish","has-post-thumbnail","hentry","product_cat-kids-e-escolar","product_cat-lapis","product_tag-caixa-com-6-mini-lapis-de-cor-personalizado"],"_links":{"self":[{"href":"https:\/\/vohnabrindes.com.br\/index.php\/wp-json\/wp\/v2\/product\/4890","targetHints":{"allow":["GET"]}}],"collection":[{"href":"https:\/\/vohnabrindes.com.br\/index.php\/wp-json\/wp\/v2\/product"}],"about":[{"href":"https:\/\/vohnabrindes.com.br\/index.php\/wp-json\/wp\/v2\/types\/product"}],"replies":[{"embeddable":true,"href":"https:\/\/vohnabrindes.com.br\/index.php\/wp-json\/wp\/v2\/comments?post=4890"}],"version-history":[{"count":1,"href":"https:\/\/vohnabrindes.com.br\/index.php\/wp-json\/wp\/v2\/product\/4890\/revisions"}],"predecessor-version":[{"id":4920,"href":"https:\/\/vohnabrindes.com.br\/index.php\/wp-json\/wp\/v2\/product\/4890\/revisions\/4920"}],"wp:featuredmedia":[{"embeddable":true,"href":"https:\/\/vohnabrindes.com.br\/index.php\/wp-json\/wp\/v2\/media\/1972"}],"wp:attachment":[{"href":"https:\/\/vohnabrindes.com.br\/index.php\/wp-json\/wp\/v2\/media?parent=4890"}],"wp:term":[{"taxonomy":"product_cat","embeddable":true,"href":"https:\/\/vohnabrindes.com.br\/index.php\/wp-json\/wp\/v2\/product_cat?post=4890"},{"taxonomy":"product_tag","embeddable":true,"href":"https:\/\/vohnabrindes.com.br\/index.php\/wp-json\/wp\/v2\/product_tag?post=4890"}],"curies":[{"name":"wp","href":"https:\/\/api.w.org\/{rel}","templated":true}]}}