{"id":4891,"date":"2025-05-30T21:39:30","date_gmt":"2025-05-31T00:39:30","guid":{"rendered":"https:\/\/vohnabrindes.com.br\/?post_type=product&#038;p=4891"},"modified":"2025-05-30T21:39:31","modified_gmt":"2025-05-31T00:39:31","slug":"caixa-com-12-lapis-de-cor-personalizada","status":"publish","type":"product","link":"https:\/\/vohnabrindes.com.br\/index.php\/product\/caixa-com-12-lapis-de-cor-personalizada\/","title":{"rendered":"Caixa com 12 l\u00e1pis de cor personalizada."},"content":{"rendered":"<div class=\"ref\">51752-CRICKET.<\/div>\n<div class=\"ref\">Caixa com 12 l\u00e1pis de cor personalizada.<\/div>\n<div class=\"texto\">Caixa cil\u00edndrica em cart\u00e3o com 12 l\u00e1pis de cor para pintar. \u00f835 x 97 mm<\/div>\n","protected":false},"excerpt":{"rendered":"<p>51752-CRICKET. Caixa com 12 l\u00e1pis de cor personalizada. Caixa cil\u00edndrica em cart\u00e3o com 12 l\u00e1pis de cor para pintar. \u00f835 x 97 mm<\/p>\n","protected":false},"featured_media":1974,"comment_status":"open","ping_status":"closed","template":"","meta":[],"product_cat":[395,688],"product_tag":[707],"class_list":["post-4891","product","type-product","status-publish","has-post-thumbnail","hentry","product_cat-kids-e-escolar","product_cat-lapis","product_tag-caixa-com-12-lapis-de-cor-personalizada"],"_links":{"self":[{"href":"https:\/\/vohnabrindes.com.br\/index.php\/wp-json\/wp\/v2\/product\/4891","targetHints":{"allow":["GET"]}}],"collection":[{"href":"https:\/\/vohnabrindes.com.br\/index.php\/wp-json\/wp\/v2\/product"}],"about":[{"href":"https:\/\/vohnabrindes.com.br\/index.php\/wp-json\/wp\/v2\/types\/product"}],"replies":[{"embeddable":true,"href":"https:\/\/vohnabrindes.com.br\/index.php\/wp-json\/wp\/v2\/comments?post=4891"}],"version-history":[{"count":1,"href":"https:\/\/vohnabrindes.com.br\/index.php\/wp-json\/wp\/v2\/product\/4891\/revisions"}],"predecessor-version":[{"id":4921,"href":"https:\/\/vohnabrindes.com.br\/index.php\/wp-json\/wp\/v2\/product\/4891\/revisions\/4921"}],"wp:featuredmedia":[{"embeddable":true,"href":"https:\/\/vohnabrindes.com.br\/index.php\/wp-json\/wp\/v2\/media\/1974"}],"wp:attachment":[{"href":"https:\/\/vohnabrindes.com.br\/index.php\/wp-json\/wp\/v2\/media?parent=4891"}],"wp:term":[{"taxonomy":"product_cat","embeddable":true,"href":"https:\/\/vohnabrindes.com.br\/index.php\/wp-json\/wp\/v2\/product_cat?post=4891"},{"taxonomy":"product_tag","embeddable":true,"href":"https:\/\/vohnabrindes.com.br\/index.php\/wp-json\/wp\/v2\/product_tag?post=4891"}],"curies":[{"name":"wp","href":"https:\/\/api.w.org\/{rel}","templated":true}]}}