{"id":4892,"date":"2025-05-30T21:39:30","date_gmt":"2025-05-31T00:39:30","guid":{"rendered":"https:\/\/vohnabrindes.com.br\/?post_type=product&#038;p=4892"},"modified":"2025-05-30T21:39:31","modified_gmt":"2025-05-31T00:39:31","slug":"caixa-com-12-mini-lapis-de-cor-personalizado","status":"publish","type":"product","link":"https:\/\/vohnabrindes.com.br\/index.php\/product\/caixa-com-12-mini-lapis-de-cor-personalizado\/","title":{"rendered":"Caixa com 12 mini l\u00e1pis de cor personalizado."},"content":{"rendered":"<div class=\"ref\">51747-COLOURED.<\/div>\n<div><\/div>\n<div class=\"ref\">Caixa com 12 mini l\u00e1pis de cor personalizado.<\/div>\n<div class=\"texto\">Caixa de cart\u00e3o com 12 l\u00e1pis de cor. 90 x 90 x 9 mm<\/div>\n","protected":false},"excerpt":{"rendered":"<p>51747-COLOURED. Caixa com 12 mini l\u00e1pis de cor personalizado. Caixa de cart\u00e3o com 12 l\u00e1pis de cor. 90 x 90 x 9 mm<\/p>\n","protected":false},"featured_media":1976,"comment_status":"open","ping_status":"closed","template":"","meta":[],"product_cat":[395,688,126],"product_tag":[708],"class_list":["post-4892","product","type-product","status-publish","has-post-thumbnail","hentry","product_cat-kids-e-escolar","product_cat-lapis","product_cat-linha-ecologica","product_tag-caixa-com-12-mini-lapis-de-cor-personalizado"],"_links":{"self":[{"href":"https:\/\/vohnabrindes.com.br\/index.php\/wp-json\/wp\/v2\/product\/4892","targetHints":{"allow":["GET"]}}],"collection":[{"href":"https:\/\/vohnabrindes.com.br\/index.php\/wp-json\/wp\/v2\/product"}],"about":[{"href":"https:\/\/vohnabrindes.com.br\/index.php\/wp-json\/wp\/v2\/types\/product"}],"replies":[{"embeddable":true,"href":"https:\/\/vohnabrindes.com.br\/index.php\/wp-json\/wp\/v2\/comments?post=4892"}],"version-history":[{"count":1,"href":"https:\/\/vohnabrindes.com.br\/index.php\/wp-json\/wp\/v2\/product\/4892\/revisions"}],"predecessor-version":[{"id":4922,"href":"https:\/\/vohnabrindes.com.br\/index.php\/wp-json\/wp\/v2\/product\/4892\/revisions\/4922"}],"wp:featuredmedia":[{"embeddable":true,"href":"https:\/\/vohnabrindes.com.br\/index.php\/wp-json\/wp\/v2\/media\/1976"}],"wp:attachment":[{"href":"https:\/\/vohnabrindes.com.br\/index.php\/wp-json\/wp\/v2\/media?parent=4892"}],"wp:term":[{"taxonomy":"product_cat","embeddable":true,"href":"https:\/\/vohnabrindes.com.br\/index.php\/wp-json\/wp\/v2\/product_cat?post=4892"},{"taxonomy":"product_tag","embeddable":true,"href":"https:\/\/vohnabrindes.com.br\/index.php\/wp-json\/wp\/v2\/product_tag?post=4892"}],"curies":[{"name":"wp","href":"https:\/\/api.w.org\/{rel}","templated":true}]}}