{"id":4896,"date":"2025-05-30T21:39:30","date_gmt":"2025-05-31T00:39:30","guid":{"rendered":"https:\/\/vohnabrindes.com.br\/?post_type=product&#038;p=4896"},"modified":"2025-05-30T21:39:32","modified_gmt":"2025-05-31T00:39:32","slug":"sacochila-ecologicamente-personalizada","status":"publish","type":"product","link":"https:\/\/vohnabrindes.com.br\/index.php\/product\/sacochila-ecologicamente-personalizada\/","title":{"rendered":"Sacochila ecologicamente personalizada."},"content":{"rendered":"<div class=\"ref\">92928-CHANCERY.<\/div>\n<div class=\"ref\">Sacochila ecologicamente personalizada.<\/div>\n<div class=\"texto\">Sacola tipo mochila em algod\u00e3o reciclado (140 g\/m\u00b2), com bolso frontal com fecho discreto<\/div>\n<div class=\"texto\">e al\u00e7as em algod\u00e3o. dimens\u00f5es: 370 x 410 mm<\/div>\n","protected":false},"excerpt":{"rendered":"<p>92928-CHANCERY. Sacochila ecologicamente personalizada. Sacola tipo mochila em algod\u00e3o reciclado (140 g\/m\u00b2), com bolso frontal com fecho discreto e al\u00e7as em algod\u00e3o. dimens\u00f5es: 370 x 410<span class=\"excerpt-hellip\"> [\u2026]<\/span><\/p>\n","protected":false},"featured_media":1991,"comment_status":"open","ping_status":"closed","template":"","meta":[],"product_cat":[126,312],"product_tag":[398,712],"class_list":["post-4896","product","type-product","status-publish","has-post-thumbnail","hentry","product_cat-linha-ecologica","product_cat-mochilas-saco-e-bolsas-esportivas","product_tag-mochila-saco-ecologica-personalizada","product_tag-sacochila-ecologicamente-personalizada"],"_links":{"self":[{"href":"https:\/\/vohnabrindes.com.br\/index.php\/wp-json\/wp\/v2\/product\/4896","targetHints":{"allow":["GET"]}}],"collection":[{"href":"https:\/\/vohnabrindes.com.br\/index.php\/wp-json\/wp\/v2\/product"}],"about":[{"href":"https:\/\/vohnabrindes.com.br\/index.php\/wp-json\/wp\/v2\/types\/product"}],"replies":[{"embeddable":true,"href":"https:\/\/vohnabrindes.com.br\/index.php\/wp-json\/wp\/v2\/comments?post=4896"}],"version-history":[{"count":1,"href":"https:\/\/vohnabrindes.com.br\/index.php\/wp-json\/wp\/v2\/product\/4896\/revisions"}],"predecessor-version":[{"id":4926,"href":"https:\/\/vohnabrindes.com.br\/index.php\/wp-json\/wp\/v2\/product\/4896\/revisions\/4926"}],"wp:featuredmedia":[{"embeddable":true,"href":"https:\/\/vohnabrindes.com.br\/index.php\/wp-json\/wp\/v2\/media\/1991"}],"wp:attachment":[{"href":"https:\/\/vohnabrindes.com.br\/index.php\/wp-json\/wp\/v2\/media?parent=4896"}],"wp:term":[{"taxonomy":"product_cat","embeddable":true,"href":"https:\/\/vohnabrindes.com.br\/index.php\/wp-json\/wp\/v2\/product_cat?post=4896"},{"taxonomy":"product_tag","embeddable":true,"href":"https:\/\/vohnabrindes.com.br\/index.php\/wp-json\/wp\/v2\/product_tag?post=4896"}],"curies":[{"name":"wp","href":"https:\/\/api.w.org\/{rel}","templated":true}]}}