{"id":4897,"date":"2025-05-30T21:39:30","date_gmt":"2025-05-31T00:39:30","guid":{"rendered":"https:\/\/vohnabrindes.com.br\/?post_type=product&#038;p=4897"},"modified":"2025-05-30T21:39:32","modified_gmt":"2025-05-31T00:39:32","slug":"hub-usb-2-personalizado","status":"publish","type":"product","link":"https:\/\/vohnabrindes.com.br\/index.php\/product\/hub-usb-2-personalizado\/","title":{"rendered":"Hub USB 2 personalizado."},"content":{"rendered":"<div class=\"ref\">97318-JANNES.<\/div>\n<div class=\"ref\">Hub USB 2 personalizado.<\/div>\n<div class=\"texto\">Hub USB 2.0. com 4 portas para conectar at\u00e9 4 dispositivos m\u00f3veis.<\/div>\n<div class=\"texto\">dimens\u00f5es: 52 x 41 x 12 mm<\/div>\n","protected":false},"excerpt":{"rendered":"<p>97318-JANNES. Hub USB 2 personalizado. Hub USB 2.0. com 4 portas para conectar at\u00e9 4 dispositivos m\u00f3veis. dimens\u00f5es: 52 x 41 x 12 mm<\/p>\n","protected":false},"featured_media":1993,"comment_status":"open","ping_status":"closed","template":"","meta":[],"product_cat":[377],"product_tag":[713,714],"class_list":["post-4897","product","type-product","status-publish","has-post-thumbnail","hentry","product_cat-informatica-som-e-tecnologia","product_tag-hub-personalizado","product_tag-hub-usb-2-personalizado"],"_links":{"self":[{"href":"https:\/\/vohnabrindes.com.br\/index.php\/wp-json\/wp\/v2\/product\/4897","targetHints":{"allow":["GET"]}}],"collection":[{"href":"https:\/\/vohnabrindes.com.br\/index.php\/wp-json\/wp\/v2\/product"}],"about":[{"href":"https:\/\/vohnabrindes.com.br\/index.php\/wp-json\/wp\/v2\/types\/product"}],"replies":[{"embeddable":true,"href":"https:\/\/vohnabrindes.com.br\/index.php\/wp-json\/wp\/v2\/comments?post=4897"}],"version-history":[{"count":1,"href":"https:\/\/vohnabrindes.com.br\/index.php\/wp-json\/wp\/v2\/product\/4897\/revisions"}],"predecessor-version":[{"id":4927,"href":"https:\/\/vohnabrindes.com.br\/index.php\/wp-json\/wp\/v2\/product\/4897\/revisions\/4927"}],"wp:featuredmedia":[{"embeddable":true,"href":"https:\/\/vohnabrindes.com.br\/index.php\/wp-json\/wp\/v2\/media\/1993"}],"wp:attachment":[{"href":"https:\/\/vohnabrindes.com.br\/index.php\/wp-json\/wp\/v2\/media?parent=4897"}],"wp:term":[{"taxonomy":"product_cat","embeddable":true,"href":"https:\/\/vohnabrindes.com.br\/index.php\/wp-json\/wp\/v2\/product_cat?post=4897"},{"taxonomy":"product_tag","embeddable":true,"href":"https:\/\/vohnabrindes.com.br\/index.php\/wp-json\/wp\/v2\/product_tag?post=4897"}],"curies":[{"name":"wp","href":"https:\/\/api.w.org\/{rel}","templated":true}]}}