{"id":4898,"date":"2025-05-30T21:39:30","date_gmt":"2025-05-31T00:39:30","guid":{"rendered":"https:\/\/vohnabrindes.com.br\/?post_type=product&#038;p=4898"},"modified":"2025-05-30T21:39:32","modified_gmt":"2025-05-31T00:39:32","slug":"luminaria-de-mesa-com-caixa-de-som-personalizada","status":"publish","type":"product","link":"https:\/\/vohnabrindes.com.br\/index.php\/product\/luminaria-de-mesa-com-caixa-de-som-personalizada\/","title":{"rendered":"Lumin\u00e1ria de mesa com caixa de som personalizada."},"content":{"rendered":"<div class=\"ref\">54734-GRAHAM.<\/div>\n<div class=\"ref\">Lumin\u00e1ria de mesa com caixa de som personalizada.<\/div>\n<div class=\"texto\">Lumin\u00e1ria de mesa com caixa de som em ABS. Com 18 LEDs de alto brilho, bot\u00e3o t\u00e1til e bra\u00e7o flex\u00edvel.<\/div>\n<div class=\"texto\">Transmiss\u00e3o sem fios BT v4.2 e liga\u00e7\u00e3o stereo 3,5 mm com 5W\/4\u03a9. Autonomia aproximada de 6 horas<\/div>\n<div class=\"texto\">e conex\u00e3o \u00e0 playlist do dispositivo m\u00f3vel. Incluso cabo USB para carregar.<\/div>\n<div class=\"texto\">Fornecida em caixa presente. 100 x 225 x 100 mm | Caixa: 110 x 235 x 105 mm<\/div>\n","protected":false},"excerpt":{"rendered":"<p>54734-GRAHAM. Lumin\u00e1ria de mesa com caixa de som personalizada. Lumin\u00e1ria de mesa com caixa de som em ABS. Com 18 LEDs de alto brilho, bot\u00e3o t\u00e1til<span class=\"excerpt-hellip\"> [\u2026]<\/span><\/p>\n","protected":false},"featured_media":1995,"comment_status":"open","ping_status":"closed","template":"","meta":[],"product_cat":[165,377],"product_tag":[715,716],"class_list":["post-4898","product","type-product","status-publish","has-post-thumbnail","hentry","product_cat-escritorio-e-conjuntos-executivos","product_cat-informatica-som-e-tecnologia","product_tag-luminaria-de-mesa-com-caixa-de-som-personalizada","product_tag-luminaria-personalizada"],"_links":{"self":[{"href":"https:\/\/vohnabrindes.com.br\/index.php\/wp-json\/wp\/v2\/product\/4898","targetHints":{"allow":["GET"]}}],"collection":[{"href":"https:\/\/vohnabrindes.com.br\/index.php\/wp-json\/wp\/v2\/product"}],"about":[{"href":"https:\/\/vohnabrindes.com.br\/index.php\/wp-json\/wp\/v2\/types\/product"}],"replies":[{"embeddable":true,"href":"https:\/\/vohnabrindes.com.br\/index.php\/wp-json\/wp\/v2\/comments?post=4898"}],"version-history":[{"count":1,"href":"https:\/\/vohnabrindes.com.br\/index.php\/wp-json\/wp\/v2\/product\/4898\/revisions"}],"predecessor-version":[{"id":4928,"href":"https:\/\/vohnabrindes.com.br\/index.php\/wp-json\/wp\/v2\/product\/4898\/revisions\/4928"}],"wp:featuredmedia":[{"embeddable":true,"href":"https:\/\/vohnabrindes.com.br\/index.php\/wp-json\/wp\/v2\/media\/1995"}],"wp:attachment":[{"href":"https:\/\/vohnabrindes.com.br\/index.php\/wp-json\/wp\/v2\/media?parent=4898"}],"wp:term":[{"taxonomy":"product_cat","embeddable":true,"href":"https:\/\/vohnabrindes.com.br\/index.php\/wp-json\/wp\/v2\/product_cat?post=4898"},{"taxonomy":"product_tag","embeddable":true,"href":"https:\/\/vohnabrindes.com.br\/index.php\/wp-json\/wp\/v2\/product_tag?post=4898"}],"curies":[{"name":"wp","href":"https:\/\/api.w.org\/{rel}","templated":true}]}}