{"id":4900,"date":"2025-05-30T21:39:30","date_gmt":"2025-05-31T00:39:30","guid":{"rendered":"https:\/\/vohnabrindes.com.br\/?post_type=product&#038;p=4900"},"modified":"2025-05-30T21:39:32","modified_gmt":"2025-05-31T00:39:32","slug":"luminaria-de-mesa-com-carregador-wireless-personalizada","status":"publish","type":"product","link":"https:\/\/vohnabrindes.com.br\/index.php\/product\/luminaria-de-mesa-com-carregador-wireless-personalizada\/","title":{"rendered":"Lumin\u00e1ria de mesa com carregador wireless personalizada."},"content":{"rendered":"<div class=\"ref\">58517-LEZZO.<\/div>\n<div class=\"ref\">Lumin\u00e1ria de mesa com carregador wireless personalizada.<\/div>\n<div class=\"texto\">Lumin\u00e1ria de mesa em ABS e fibra de palha de trigo com carregador wireless.<\/div>\n<div class=\"texto\">A haste \u00e9 flex\u00edvel para ajustar a dire\u00e7\u00e3o da luz e cont\u00e9m 20 LEDs que permitem<\/div>\n<div class=\"texto\">uma ilumina\u00e7\u00e3o at\u00e9 3 n\u00edveis de intensidade. No topo da lumin\u00e1ria encontra-se<\/div>\n<div class=\"texto\">um bot\u00e3o touch para ligar, desligar e ajustar os n\u00edveis de ilumina\u00e7\u00e3o.<\/div>\n<div class=\"texto\">O carregador sem fios \u00e9 de carregamento r\u00e1pido, tendo uma pot\u00eancia at\u00e9 10W,<\/div>\n<div class=\"texto\">com entradas 5V\/2A e 9V\/1.67A. No local onde o equipamento \u00e9 colocado tem<\/div>\n<div class=\"texto\">um c\u00edrculo com silicone para evitar que se mova. Incluso cabo micro USB de 1 m.<\/div>\n<div class=\"texto\">Fornecido em caixa presente de papel kraft.<\/div>\n<div class=\"texto\">dimens\u00f5es: 160 x 268 x 85 mm<\/div>\n","protected":false},"excerpt":{"rendered":"<p>58517-LEZZO. Lumin\u00e1ria de mesa com carregador wireless personalizada. Lumin\u00e1ria de mesa em ABS e fibra de palha de trigo com carregador wireless. A haste \u00e9 flex\u00edvel<span class=\"excerpt-hellip\"> [\u2026]<\/span><\/p>\n","protected":false},"featured_media":2005,"comment_status":"open","ping_status":"closed","template":"","meta":[],"product_cat":[165,377,126],"product_tag":[718,717],"class_list":["post-4900","product","type-product","status-publish","has-post-thumbnail","hentry","product_cat-escritorio-e-conjuntos-executivos","product_cat-informatica-som-e-tecnologia","product_cat-linha-ecologica","product_tag-luminaria-de-mesa-com-carregador-wireless-personalizada","product_tag-luminaria-de-mesa-personalizada"],"_links":{"self":[{"href":"https:\/\/vohnabrindes.com.br\/index.php\/wp-json\/wp\/v2\/product\/4900","targetHints":{"allow":["GET"]}}],"collection":[{"href":"https:\/\/vohnabrindes.com.br\/index.php\/wp-json\/wp\/v2\/product"}],"about":[{"href":"https:\/\/vohnabrindes.com.br\/index.php\/wp-json\/wp\/v2\/types\/product"}],"replies":[{"embeddable":true,"href":"https:\/\/vohnabrindes.com.br\/index.php\/wp-json\/wp\/v2\/comments?post=4900"}],"version-history":[{"count":1,"href":"https:\/\/vohnabrindes.com.br\/index.php\/wp-json\/wp\/v2\/product\/4900\/revisions"}],"predecessor-version":[{"id":4930,"href":"https:\/\/vohnabrindes.com.br\/index.php\/wp-json\/wp\/v2\/product\/4900\/revisions\/4930"}],"wp:featuredmedia":[{"embeddable":true,"href":"https:\/\/vohnabrindes.com.br\/index.php\/wp-json\/wp\/v2\/media\/2005"}],"wp:attachment":[{"href":"https:\/\/vohnabrindes.com.br\/index.php\/wp-json\/wp\/v2\/media?parent=4900"}],"wp:term":[{"taxonomy":"product_cat","embeddable":true,"href":"https:\/\/vohnabrindes.com.br\/index.php\/wp-json\/wp\/v2\/product_cat?post=4900"},{"taxonomy":"product_tag","embeddable":true,"href":"https:\/\/vohnabrindes.com.br\/index.php\/wp-json\/wp\/v2\/product_tag?post=4900"}],"curies":[{"name":"wp","href":"https:\/\/api.w.org\/{rel}","templated":true}]}}