{"id":4901,"date":"2025-05-30T21:39:30","date_gmt":"2025-05-31T00:39:30","guid":{"rendered":"https:\/\/vohnabrindes.com.br\/?post_type=product&#038;p=4901"},"modified":"2025-05-30T21:39:32","modified_gmt":"2025-05-31T00:39:32","slug":"luminaria-articulavel-em-led-recarregavel-personalizada","status":"publish","type":"product","link":"https:\/\/vohnabrindes.com.br\/index.php\/product\/luminaria-articulavel-em-led-recarregavel-personalizada\/","title":{"rendered":"Lumin\u00e1ria Articul\u00e1vel em Led Recarreg\u00e1vel personalizada."},"content":{"rendered":"<pre id=\"item_referencia\"><span style=\"font-family: Poppins, Arial, sans-serif;\">Lumin\u00e1ria Articul\u00e1vel em Led Recarreg\u00e1vel<\/span><\/pre>\n<div class=\"caracs\">\n<div class=\"desc\">\n<p class=\"desc-tit\"><span class=\"desc-sub my-desc-sub\">Lumin\u00e1ria articul\u00e1vel em led recarreg\u00e1vel e funcionamento touch, material pl\u00e1stico. Cont\u00e9m tr\u00eas est\u00e1gios de ilumina\u00e7\u00e3o com regulagem de intensidade touch: luz fria (branca), luz quente (amarela) e luz mista (branca e amarela). Base com bot\u00e3o para ligar e desligar. Acompanha uma bateria de l\u00edtio e cabo USB para carregamento.<\/span><\/p>\n<\/div>\n<div class=\"desc\">\n<p class=\"desc-tit\">Altura<span class=\"desc-sub\">\u00a0:\u00a0 Aberto 40 cm<\/span><\/p>\n<\/div>\n<div class=\"desc\">\n<p class=\"desc-tit\">Largura<span class=\"desc-sub\">\u00a0:\u00a0 Base 12,7 cm<\/span><\/p>\n<\/div>\n<div class=\"desc\">\n<p class=\"desc-tit\">Espessura<span class=\"desc-sub\">\u00a0:\u00a0 Base 2,6 cm<\/span><\/p>\n<\/div>\n<div class=\"desc\">\n<p class=\"desc-tit\">Comprimento<span class=\"desc-sub\">\u00a0:\u00a0 Base 12,8 cm<\/span><\/p>\n<\/div>\n<div class=\"desc\">\n<p class=\"desc-tit\">Medidas aproximadas para grava\u00e7\u00e3o<span class=\"desc-sub\">\u00a0(CxL):\u00a0 Base 5 cm x 4,6 cm &#8211; Topo 4 cm x 3 cm<\/span><\/p>\n<\/div>\n<div class=\"desc\">\n<p class=\"desc-tit\">Peso aproximado<span class=\"desc-sub\">\u00a0(g):\u00a0 278<\/span><\/p>\n<p class=\"desc-tit\"><span style=\"font-family: Consolas, Monaco, monospace;\">06015<\/span><\/p>\n<p><span style=\"font-family: Consolas, Monaco, monospace;\">\u00a0<\/span><\/p>\n<\/div>\n<\/div>\n","protected":false},"excerpt":{"rendered":"<p>Lumin\u00e1ria Articul\u00e1vel em Led Recarreg\u00e1vel Lumin\u00e1ria articul\u00e1vel em led recarreg\u00e1vel e funcionamento touch, material pl\u00e1stico. Cont\u00e9m tr\u00eas est\u00e1gios de ilumina\u00e7\u00e3o com regulagem de intensidade touch: luz<span class=\"excerpt-hellip\"> [\u2026]<\/span><\/p>\n","protected":false},"featured_media":2007,"comment_status":"open","ping_status":"closed","template":"","meta":[],"product_cat":[165,377],"product_tag":[719,717],"class_list":["post-4901","product","type-product","status-publish","has-post-thumbnail","hentry","product_cat-escritorio-e-conjuntos-executivos","product_cat-informatica-som-e-tecnologia","product_tag-luminaria-articulavel-em-led-recarregavel","product_tag-luminaria-de-mesa-personalizada"],"_links":{"self":[{"href":"https:\/\/vohnabrindes.com.br\/index.php\/wp-json\/wp\/v2\/product\/4901","targetHints":{"allow":["GET"]}}],"collection":[{"href":"https:\/\/vohnabrindes.com.br\/index.php\/wp-json\/wp\/v2\/product"}],"about":[{"href":"https:\/\/vohnabrindes.com.br\/index.php\/wp-json\/wp\/v2\/types\/product"}],"replies":[{"embeddable":true,"href":"https:\/\/vohnabrindes.com.br\/index.php\/wp-json\/wp\/v2\/comments?post=4901"}],"version-history":[{"count":1,"href":"https:\/\/vohnabrindes.com.br\/index.php\/wp-json\/wp\/v2\/product\/4901\/revisions"}],"predecessor-version":[{"id":4931,"href":"https:\/\/vohnabrindes.com.br\/index.php\/wp-json\/wp\/v2\/product\/4901\/revisions\/4931"}],"wp:featuredmedia":[{"embeddable":true,"href":"https:\/\/vohnabrindes.com.br\/index.php\/wp-json\/wp\/v2\/media\/2007"}],"wp:attachment":[{"href":"https:\/\/vohnabrindes.com.br\/index.php\/wp-json\/wp\/v2\/media?parent=4901"}],"wp:term":[{"taxonomy":"product_cat","embeddable":true,"href":"https:\/\/vohnabrindes.com.br\/index.php\/wp-json\/wp\/v2\/product_cat?post=4901"},{"taxonomy":"product_tag","embeddable":true,"href":"https:\/\/vohnabrindes.com.br\/index.php\/wp-json\/wp\/v2\/product_tag?post=4901"}],"curies":[{"name":"wp","href":"https:\/\/api.w.org\/{rel}","templated":true}]}}