{"id":4909,"date":"2025-05-30T21:39:31","date_gmt":"2025-05-31T00:39:31","guid":{"rendered":"https:\/\/vohnabrindes.com.br\/?post_type=product&#038;p=4909"},"modified":"2025-05-30T21:39:33","modified_gmt":"2025-05-31T00:39:33","slug":"sacola-com-algodao-reciclado-personalizada","status":"publish","type":"product","link":"https:\/\/vohnabrindes.com.br\/index.php\/product\/sacola-com-algodao-reciclado-personalizada\/","title":{"rendered":"Sacola com algod\u00e3o reciclado personalizada."},"content":{"rendered":"<div class=\"ref\">92326-MERIDA.<\/div>\n<div class=\"ref\">Sacola com algod\u00e3o reciclado personalizada.<\/div>\n<div class=\"texto\">Sacola em algod\u00e3o (220 g\/m\u00b2) composta por 50% algod\u00e3o e 50% algod\u00e3o reciclado,<\/div>\n<div class=\"texto\">com al\u00e7as de 62 cm.\u00a0 dimens\u00f5es: 380 x 400 x 100 mm<\/div>\n<div>produto amigo do meio ambiente.<\/div>\n","protected":false},"excerpt":{"rendered":"<p>92326-MERIDA. Sacola com algod\u00e3o reciclado personalizada. Sacola em algod\u00e3o (220 g\/m\u00b2) composta por 50% algod\u00e3o e 50% algod\u00e3o reciclado, com al\u00e7as de 62 cm.\u00a0 dimens\u00f5es: 380<span class=\"excerpt-hellip\"> [\u2026]<\/span><\/p>\n","protected":false},"featured_media":2029,"comment_status":"open","ping_status":"closed","template":"","meta":[],"product_cat":[126,210],"product_tag":[731,723,732,214],"class_list":["post-4909","product","type-product","status-publish","has-post-thumbnail","hentry","product_cat-linha-ecologica","product_cat-sacolas","product_tag-ecobag-ecologica-personalizada","product_tag-ecobag-personalizada","product_tag-sacola-com-algodao-reciclado-personalizada","product_tag-sacola-personalizada"],"_links":{"self":[{"href":"https:\/\/vohnabrindes.com.br\/index.php\/wp-json\/wp\/v2\/product\/4909","targetHints":{"allow":["GET"]}}],"collection":[{"href":"https:\/\/vohnabrindes.com.br\/index.php\/wp-json\/wp\/v2\/product"}],"about":[{"href":"https:\/\/vohnabrindes.com.br\/index.php\/wp-json\/wp\/v2\/types\/product"}],"replies":[{"embeddable":true,"href":"https:\/\/vohnabrindes.com.br\/index.php\/wp-json\/wp\/v2\/comments?post=4909"}],"version-history":[{"count":1,"href":"https:\/\/vohnabrindes.com.br\/index.php\/wp-json\/wp\/v2\/product\/4909\/revisions"}],"predecessor-version":[{"id":4939,"href":"https:\/\/vohnabrindes.com.br\/index.php\/wp-json\/wp\/v2\/product\/4909\/revisions\/4939"}],"wp:featuredmedia":[{"embeddable":true,"href":"https:\/\/vohnabrindes.com.br\/index.php\/wp-json\/wp\/v2\/media\/2029"}],"wp:attachment":[{"href":"https:\/\/vohnabrindes.com.br\/index.php\/wp-json\/wp\/v2\/media?parent=4909"}],"wp:term":[{"taxonomy":"product_cat","embeddable":true,"href":"https:\/\/vohnabrindes.com.br\/index.php\/wp-json\/wp\/v2\/product_cat?post=4909"},{"taxonomy":"product_tag","embeddable":true,"href":"https:\/\/vohnabrindes.com.br\/index.php\/wp-json\/wp\/v2\/product_tag?post=4909"}],"curies":[{"name":"wp","href":"https:\/\/api.w.org\/{rel}","templated":true}]}}