{"id":4910,"date":"2025-05-30T21:39:31","date_gmt":"2025-05-31T00:39:31","guid":{"rendered":"https:\/\/vohnabrindes.com.br\/?post_type=product&#038;p=4910"},"modified":"2025-05-30T21:39:33","modified_gmt":"2025-05-31T00:39:33","slug":"sacola-em-algodao-organico-personalizada","status":"publish","type":"product","link":"https:\/\/vohnabrindes.com.br\/index.php\/product\/sacola-em-algodao-organico-personalizada\/","title":{"rendered":"Sacola em algod\u00e3o org\u00e2nico personalizada."},"content":{"rendered":"<div class=\"ref\">92328-SIENA.<\/div>\n<div class=\"ref\">Sacola em algod\u00e3o org\u00e2nico personalizada.<\/div>\n<div>produto amigo do meio ambiente.<\/div>\n<div class=\"texto\">Sacola dobr\u00e1vel em algod\u00e3o (140 g\/m\u00b2) composta por 50% algod\u00e3o e 50% algod\u00e3o reciclado.<\/div>\n<div class=\"texto\">dimens\u00f5es: Aberto: 380 x 470 mm | Dobrado: 135 x 205 mm\u00a0 com al\u00e7as de 38 cm.<\/div>\n","protected":false},"excerpt":{"rendered":"<p>92328-SIENA. Sacola em algod\u00e3o org\u00e2nico personalizada. produto amigo do meio ambiente. Sacola dobr\u00e1vel em algod\u00e3o (140 g\/m\u00b2) composta por 50% algod\u00e3o e 50% algod\u00e3o reciclado. dimens\u00f5es:<span class=\"excerpt-hellip\"> [\u2026]<\/span><\/p>\n","protected":false},"featured_media":2031,"comment_status":"open","ping_status":"closed","template":"","meta":[],"product_cat":[126,210],"product_tag":[628,381,629,213],"class_list":["post-4910","product","type-product","status-publish","has-post-thumbnail","hentry","product_cat-linha-ecologica","product_cat-sacolas","product_tag-sacola-com-algodao-reciclado-dobravel-personalizada","product_tag-sacola-com-logomarca","product_tag-sacola-ecobag","product_tag-sacola-ecologica-personalizada"],"_links":{"self":[{"href":"https:\/\/vohnabrindes.com.br\/index.php\/wp-json\/wp\/v2\/product\/4910","targetHints":{"allow":["GET"]}}],"collection":[{"href":"https:\/\/vohnabrindes.com.br\/index.php\/wp-json\/wp\/v2\/product"}],"about":[{"href":"https:\/\/vohnabrindes.com.br\/index.php\/wp-json\/wp\/v2\/types\/product"}],"replies":[{"embeddable":true,"href":"https:\/\/vohnabrindes.com.br\/index.php\/wp-json\/wp\/v2\/comments?post=4910"}],"version-history":[{"count":1,"href":"https:\/\/vohnabrindes.com.br\/index.php\/wp-json\/wp\/v2\/product\/4910\/revisions"}],"predecessor-version":[{"id":4940,"href":"https:\/\/vohnabrindes.com.br\/index.php\/wp-json\/wp\/v2\/product\/4910\/revisions\/4940"}],"wp:featuredmedia":[{"embeddable":true,"href":"https:\/\/vohnabrindes.com.br\/index.php\/wp-json\/wp\/v2\/media\/2031"}],"wp:attachment":[{"href":"https:\/\/vohnabrindes.com.br\/index.php\/wp-json\/wp\/v2\/media?parent=4910"}],"wp:term":[{"taxonomy":"product_cat","embeddable":true,"href":"https:\/\/vohnabrindes.com.br\/index.php\/wp-json\/wp\/v2\/product_cat?post=4910"},{"taxonomy":"product_tag","embeddable":true,"href":"https:\/\/vohnabrindes.com.br\/index.php\/wp-json\/wp\/v2\/product_tag?post=4910"}],"curies":[{"name":"wp","href":"https:\/\/api.w.org\/{rel}","templated":true}]}}