{"id":4911,"date":"2025-05-30T21:39:31","date_gmt":"2025-05-31T00:39:31","guid":{"rendered":"https:\/\/vohnabrindes.com.br\/?post_type=product&#038;p=4911"},"modified":"2025-05-30T21:39:33","modified_gmt":"2025-05-31T00:39:33","slug":"sacola-com-algodao-reciclado-personalizada-2","status":"publish","type":"product","link":"https:\/\/vohnabrindes.com.br\/index.php\/product\/sacola-com-algodao-reciclado-personalizada-2\/","title":{"rendered":"Sacola com algod\u00e3o reciclado personalizada."},"content":{"rendered":"<div class=\"ref\">92330-PARMA.<\/div>\n<div class=\"ref\">Sacola com algod\u00e3o reciclado personalizada.<\/div>\n<div class=\"texto\">Sacola (220 g\/ m\u00b2) em algod\u00e3o e algod\u00e3o reciclado com al\u00e7as de 60cm.<\/div>\n<div class=\"texto\">dimens\u00f5es: 500 x 370 x 120 mm<\/div>\n","protected":false},"excerpt":{"rendered":"<p>92330-PARMA. Sacola com algod\u00e3o reciclado personalizada. Sacola (220 g\/ m\u00b2) em algod\u00e3o e algod\u00e3o reciclado com al\u00e7as de 60cm. dimens\u00f5es: 500 x 370 x 120 mm<\/p>\n","protected":false},"featured_media":2033,"comment_status":"open","ping_status":"closed","template":"","meta":[],"product_cat":[126,210],"product_tag":[732,381,212,213],"class_list":["post-4911","product","type-product","status-publish","has-post-thumbnail","hentry","product_cat-linha-ecologica","product_cat-sacolas","product_tag-sacola-com-algodao-reciclado-personalizada","product_tag-sacola-com-logomarca","product_tag-sacola-eco","product_tag-sacola-ecologica-personalizada"],"_links":{"self":[{"href":"https:\/\/vohnabrindes.com.br\/index.php\/wp-json\/wp\/v2\/product\/4911","targetHints":{"allow":["GET"]}}],"collection":[{"href":"https:\/\/vohnabrindes.com.br\/index.php\/wp-json\/wp\/v2\/product"}],"about":[{"href":"https:\/\/vohnabrindes.com.br\/index.php\/wp-json\/wp\/v2\/types\/product"}],"replies":[{"embeddable":true,"href":"https:\/\/vohnabrindes.com.br\/index.php\/wp-json\/wp\/v2\/comments?post=4911"}],"version-history":[{"count":1,"href":"https:\/\/vohnabrindes.com.br\/index.php\/wp-json\/wp\/v2\/product\/4911\/revisions"}],"predecessor-version":[{"id":4941,"href":"https:\/\/vohnabrindes.com.br\/index.php\/wp-json\/wp\/v2\/product\/4911\/revisions\/4941"}],"wp:featuredmedia":[{"embeddable":true,"href":"https:\/\/vohnabrindes.com.br\/index.php\/wp-json\/wp\/v2\/media\/2033"}],"wp:attachment":[{"href":"https:\/\/vohnabrindes.com.br\/index.php\/wp-json\/wp\/v2\/media?parent=4911"}],"wp:term":[{"taxonomy":"product_cat","embeddable":true,"href":"https:\/\/vohnabrindes.com.br\/index.php\/wp-json\/wp\/v2\/product_cat?post=4911"},{"taxonomy":"product_tag","embeddable":true,"href":"https:\/\/vohnabrindes.com.br\/index.php\/wp-json\/wp\/v2\/product_tag?post=4911"}],"curies":[{"name":"wp","href":"https:\/\/api.w.org\/{rel}","templated":true}]}}