{"id":4917,"date":"2025-05-30T21:39:31","date_gmt":"2025-05-31T00:39:31","guid":{"rendered":"https:\/\/vohnabrindes.com.br\/?post_type=product&#038;p=4917"},"modified":"2025-05-30T21:39:33","modified_gmt":"2025-05-31T00:39:33","slug":"sacola-em-tnt-brilhante-personalizado","status":"publish","type":"product","link":"https:\/\/vohnabrindes.com.br\/index.php\/product\/sacola-em-tnt-brilhante-personalizado\/","title":{"rendered":"Sacola em tnt brilhante personalizado."},"content":{"rendered":"<div class=\"ref\">52856-MEMPHIS.<\/div>\n<div class=\"ref\">Sacola em tnt brilhante personalizado.<\/div>\n<div class=\"texto\">Sacola em non-woven laminado (120 g\/m\u00b2) com lamina\u00e7\u00e3o brilhante.<\/div>\n<div class=\"texto\">Al\u00e7as em webbing de 60 cm. 420 x 320 x 150 mm<\/div>\n","protected":false},"excerpt":{"rendered":"<p>52856-MEMPHIS. Sacola em tnt brilhante personalizado. Sacola em non-woven laminado (120 g\/m\u00b2) com lamina\u00e7\u00e3o brilhante. Al\u00e7as em webbing de 60 cm. 420 x 320 x 150<span class=\"excerpt-hellip\"> [\u2026]<\/span><\/p>\n","protected":false},"featured_media":2052,"comment_status":"open","ping_status":"closed","template":"","meta":[],"product_cat":[210],"product_tag":[381,735],"class_list":["post-4917","product","type-product","status-publish","has-post-thumbnail","hentry","product_cat-sacolas","product_tag-sacola-com-logomarca","product_tag-sacola-em-tnt-brilhante-personalizado"],"_links":{"self":[{"href":"https:\/\/vohnabrindes.com.br\/index.php\/wp-json\/wp\/v2\/product\/4917","targetHints":{"allow":["GET"]}}],"collection":[{"href":"https:\/\/vohnabrindes.com.br\/index.php\/wp-json\/wp\/v2\/product"}],"about":[{"href":"https:\/\/vohnabrindes.com.br\/index.php\/wp-json\/wp\/v2\/types\/product"}],"replies":[{"embeddable":true,"href":"https:\/\/vohnabrindes.com.br\/index.php\/wp-json\/wp\/v2\/comments?post=4917"}],"version-history":[{"count":1,"href":"https:\/\/vohnabrindes.com.br\/index.php\/wp-json\/wp\/v2\/product\/4917\/revisions"}],"predecessor-version":[{"id":4947,"href":"https:\/\/vohnabrindes.com.br\/index.php\/wp-json\/wp\/v2\/product\/4917\/revisions\/4947"}],"wp:featuredmedia":[{"embeddable":true,"href":"https:\/\/vohnabrindes.com.br\/index.php\/wp-json\/wp\/v2\/media\/2052"}],"wp:attachment":[{"href":"https:\/\/vohnabrindes.com.br\/index.php\/wp-json\/wp\/v2\/media?parent=4917"}],"wp:term":[{"taxonomy":"product_cat","embeddable":true,"href":"https:\/\/vohnabrindes.com.br\/index.php\/wp-json\/wp\/v2\/product_cat?post=4917"},{"taxonomy":"product_tag","embeddable":true,"href":"https:\/\/vohnabrindes.com.br\/index.php\/wp-json\/wp\/v2\/product_tag?post=4917"}],"curies":[{"name":"wp","href":"https:\/\/api.w.org\/{rel}","templated":true}]}}