{"id":4951,"date":"2025-05-30T21:39:34","date_gmt":"2025-05-31T00:39:34","guid":{"rendered":"https:\/\/vohnabrindes.com.br\/?post_type=product&#038;p=4951"},"modified":"2025-05-30T21:39:35","modified_gmt":"2025-05-31T00:39:35","slug":"chaveiro-de-identificacao-pets-personalizado","status":"publish","type":"product","link":"https:\/\/vohnabrindes.com.br\/index.php\/product\/chaveiro-de-identificacao-pets-personalizado\/","title":{"rendered":"Chaveiro de Identifica\u00e7\u00e3o Pets personalizado."},"content":{"rendered":"<pre id=\"item_referencia\">06011G<\/pre>\n<p class=\"produto-nome\">Chaveiro de Identifica\u00e7\u00e3o Pets<\/p>\n<div class=\"caracs\">\n<div class=\"desc\">\n<p class=\"desc-tit\"><span class=\"desc-sub my-desc-sub\">Chaveiro met\u00e1lico de identifica\u00e7\u00e3o para pets, dimens\u00e3o 4,6 x 3 cm. Acompanha gancho.<\/span><\/p>\n<\/div>\n<div class=\"desc\">\n<p class=\"desc-tit\">Altura<span class=\"desc-sub\">\u00a0:\u00a0 3 cm<\/span><\/p>\n<\/div>\n<div class=\"desc\">\n<p class=\"desc-tit\">Largura<span class=\"desc-sub\">\u00a0:\u00a0 4,6 cm<\/span><\/p>\n<\/div>\n<div class=\"desc\">\n<p class=\"desc-tit\">Espessura<span class=\"desc-sub\">\u00a0:\u00a0 0,2 cm<\/span><\/p>\n<\/div>\n<div class=\"desc\">\n<p class=\"desc-tit\">Comprimento<span class=\"desc-sub\">\u00a0:\u00a0 c\/ gancho: 4,9 cm<\/span><\/p>\n<\/div>\n<div class=\"desc\">\n<p class=\"desc-tit\">Medidas aproximadas para grava\u00e7\u00e3o<span class=\"desc-sub\">\u00a0(CxL):\u00a0 3 cm x 1 cm<\/span><\/p>\n<\/div>\n<div class=\"desc\">\n<p class=\"desc-tit\">Peso aproximado<span class=\"desc-sub\">\u00a0(g):\u00a0 14<\/span><\/p>\n<\/div>\n<\/div>\n","protected":false},"excerpt":{"rendered":"<p>06011G Chaveiro de Identifica\u00e7\u00e3o Pets Chaveiro met\u00e1lico de identifica\u00e7\u00e3o para pets, dimens\u00e3o 4,6 x 3 cm. Acompanha gancho. Altura\u00a0:\u00a0 3 cm Largura\u00a0:\u00a0 4,6 cm Espessura\u00a0:\u00a0 0,2<span class=\"excerpt-hellip\"> [\u2026]<\/span><\/p>\n","protected":false},"featured_media":2067,"comment_status":"open","ping_status":"closed","template":"","meta":[],"product_cat":[206,738],"product_tag":[739,740],"class_list":["post-4951","product","type-product","status-publish","has-post-thumbnail","hentry","product_cat-chaveiros","product_cat-linha-pet","product_tag-chaveiro-de-identificacao-pets","product_tag-linha-pet-personalizada"],"_links":{"self":[{"href":"https:\/\/vohnabrindes.com.br\/index.php\/wp-json\/wp\/v2\/product\/4951","targetHints":{"allow":["GET"]}}],"collection":[{"href":"https:\/\/vohnabrindes.com.br\/index.php\/wp-json\/wp\/v2\/product"}],"about":[{"href":"https:\/\/vohnabrindes.com.br\/index.php\/wp-json\/wp\/v2\/types\/product"}],"replies":[{"embeddable":true,"href":"https:\/\/vohnabrindes.com.br\/index.php\/wp-json\/wp\/v2\/comments?post=4951"}],"version-history":[{"count":1,"href":"https:\/\/vohnabrindes.com.br\/index.php\/wp-json\/wp\/v2\/product\/4951\/revisions"}],"predecessor-version":[{"id":4981,"href":"https:\/\/vohnabrindes.com.br\/index.php\/wp-json\/wp\/v2\/product\/4951\/revisions\/4981"}],"wp:featuredmedia":[{"embeddable":true,"href":"https:\/\/vohnabrindes.com.br\/index.php\/wp-json\/wp\/v2\/media\/2067"}],"wp:attachment":[{"href":"https:\/\/vohnabrindes.com.br\/index.php\/wp-json\/wp\/v2\/media?parent=4951"}],"wp:term":[{"taxonomy":"product_cat","embeddable":true,"href":"https:\/\/vohnabrindes.com.br\/index.php\/wp-json\/wp\/v2\/product_cat?post=4951"},{"taxonomy":"product_tag","embeddable":true,"href":"https:\/\/vohnabrindes.com.br\/index.php\/wp-json\/wp\/v2\/product_tag?post=4951"}],"curies":[{"name":"wp","href":"https:\/\/api.w.org\/{rel}","templated":true}]}}