{"id":4955,"date":"2025-05-30T21:39:34","date_gmt":"2025-05-31T00:39:34","guid":{"rendered":"https:\/\/vohnabrindes.com.br\/?post_type=product&#038;p=4955"},"modified":"2025-05-30T21:39:35","modified_gmt":"2025-05-31T00:39:35","slug":"tigela-plastica-para-pets-personalizada","status":"publish","type":"product","link":"https:\/\/vohnabrindes.com.br\/index.php\/product\/tigela-plastica-para-pets-personalizada\/","title":{"rendered":"Tigela Pl\u00e1stica para Pets personalizada."},"content":{"rendered":"<p id=\"item_referencia\">14035<\/p>\n<p class=\"produto-nome\">Tigela Pl\u00e1stica para Pets<\/p>\n<div class=\"caracs\">\n<div class=\"desc\">\n<p class=\"desc-tit\">\u00a0<span class=\"desc-sub my-desc-sub\">Bebedouro e comedouro para pets. Material pl\u00e1stico, basta juntar os bot\u00f5es das laterais para formar uma esp\u00e9cie de tigela.<\/span><\/p>\n<\/div>\n<div class=\"desc\">\n<p class=\"desc-tit\">Medidas aproximadas para grava\u00e7\u00e3o<span class=\"desc-sub\">\u00a0(CxL):\u00a0 8 cm x 8 cm<\/span><\/p>\n<\/div>\n<div class=\"desc\">\n<p class=\"desc-tit\">Tamanho total aproximado\u00a0<span class=\"desc-sub\">\u00a0(CxL):\u00a0 19,3 cm x 19,3 cm<\/span><\/p>\n<\/div>\n<div class=\"desc\">\n<p class=\"desc-tit\">Peso aproximado<span class=\"desc-sub\">\u00a0(g):\u00a0 18<\/span><\/p>\n<\/div>\n<\/div>\n","protected":false},"excerpt":{"rendered":"<p>14035 Tigela Pl\u00e1stica para Pets \u00a0Bebedouro e comedouro para pets. Material pl\u00e1stico, basta juntar os bot\u00f5es das laterais para formar uma esp\u00e9cie de tigela. Medidas aproximadas<span class=\"excerpt-hellip\"> [\u2026]<\/span><\/p>\n","protected":false},"featured_media":2075,"comment_status":"open","ping_status":"closed","template":"","meta":[],"product_cat":[738],"product_tag":[747,748,749],"class_list":["post-4955","product","type-product","status-publish","has-post-thumbnail","hentry","product_cat-linha-pet","product_tag-bebedouro-pet-personalizado","product_tag-comedouro-pet-personalizado","product_tag-tigela-plastica-para-pets"],"_links":{"self":[{"href":"https:\/\/vohnabrindes.com.br\/index.php\/wp-json\/wp\/v2\/product\/4955","targetHints":{"allow":["GET"]}}],"collection":[{"href":"https:\/\/vohnabrindes.com.br\/index.php\/wp-json\/wp\/v2\/product"}],"about":[{"href":"https:\/\/vohnabrindes.com.br\/index.php\/wp-json\/wp\/v2\/types\/product"}],"replies":[{"embeddable":true,"href":"https:\/\/vohnabrindes.com.br\/index.php\/wp-json\/wp\/v2\/comments?post=4955"}],"version-history":[{"count":1,"href":"https:\/\/vohnabrindes.com.br\/index.php\/wp-json\/wp\/v2\/product\/4955\/revisions"}],"predecessor-version":[{"id":4985,"href":"https:\/\/vohnabrindes.com.br\/index.php\/wp-json\/wp\/v2\/product\/4955\/revisions\/4985"}],"wp:featuredmedia":[{"embeddable":true,"href":"https:\/\/vohnabrindes.com.br\/index.php\/wp-json\/wp\/v2\/media\/2075"}],"wp:attachment":[{"href":"https:\/\/vohnabrindes.com.br\/index.php\/wp-json\/wp\/v2\/media?parent=4955"}],"wp:term":[{"taxonomy":"product_cat","embeddable":true,"href":"https:\/\/vohnabrindes.com.br\/index.php\/wp-json\/wp\/v2\/product_cat?post=4955"},{"taxonomy":"product_tag","embeddable":true,"href":"https:\/\/vohnabrindes.com.br\/index.php\/wp-json\/wp\/v2\/product_tag?post=4955"}],"curies":[{"name":"wp","href":"https:\/\/api.w.org\/{rel}","templated":true}]}}