{"id":4959,"date":"2025-05-30T21:39:34","date_gmt":"2025-05-31T00:39:34","guid":{"rendered":"https:\/\/vohnabrindes.com.br\/?post_type=product&#038;p=4959"},"modified":"2025-05-30T21:39:36","modified_gmt":"2025-05-31T00:39:36","slug":"sacola-ecologica-personalizada-4","status":"publish","type":"product","link":"https:\/\/vohnabrindes.com.br\/index.php\/product\/sacola-ecologica-personalizada-4\/","title":{"rendered":"Sacola ecol\u00f3gica personalizada."},"content":{"rendered":"<div class=\"ref\">92824-VILLE.<\/div>\n<div><\/div>\n<div class=\"ref\">Sacola ecol\u00f3gica personalizada.<\/div>\n<div class=\"texto\">Sacola 100% algod\u00e3o canvas (280 g\/m\u00b2) com bolso frontal e bolso interior com z\u00edper.<\/div>\n<div class=\"texto\">A sacola cont\u00e9m fecho magn\u00e9tico e al\u00e7as de 60 cm.<\/div>\n<div class=\"texto\">dimens\u00f5es: 530 x 380 x 170 mm<\/div>\n","protected":false},"excerpt":{"rendered":"<p>92824-VILLE. Sacola ecol\u00f3gica personalizada. Sacola 100% algod\u00e3o canvas (280 g\/m\u00b2) com bolso frontal e bolso interior com z\u00edper. A sacola cont\u00e9m fecho magn\u00e9tico e al\u00e7as de<span class=\"excerpt-hellip\"> [\u2026]<\/span><\/p>\n","protected":false},"featured_media":2090,"comment_status":"open","ping_status":"closed","template":"","meta":[],"product_cat":[126,210],"product_tag":[381,629,213],"class_list":["post-4959","product","type-product","status-publish","has-post-thumbnail","hentry","product_cat-linha-ecologica","product_cat-sacolas","product_tag-sacola-com-logomarca","product_tag-sacola-ecobag","product_tag-sacola-ecologica-personalizada"],"_links":{"self":[{"href":"https:\/\/vohnabrindes.com.br\/index.php\/wp-json\/wp\/v2\/product\/4959","targetHints":{"allow":["GET"]}}],"collection":[{"href":"https:\/\/vohnabrindes.com.br\/index.php\/wp-json\/wp\/v2\/product"}],"about":[{"href":"https:\/\/vohnabrindes.com.br\/index.php\/wp-json\/wp\/v2\/types\/product"}],"replies":[{"embeddable":true,"href":"https:\/\/vohnabrindes.com.br\/index.php\/wp-json\/wp\/v2\/comments?post=4959"}],"version-history":[{"count":1,"href":"https:\/\/vohnabrindes.com.br\/index.php\/wp-json\/wp\/v2\/product\/4959\/revisions"}],"predecessor-version":[{"id":4989,"href":"https:\/\/vohnabrindes.com.br\/index.php\/wp-json\/wp\/v2\/product\/4959\/revisions\/4989"}],"wp:featuredmedia":[{"embeddable":true,"href":"https:\/\/vohnabrindes.com.br\/index.php\/wp-json\/wp\/v2\/media\/2090"}],"wp:attachment":[{"href":"https:\/\/vohnabrindes.com.br\/index.php\/wp-json\/wp\/v2\/media?parent=4959"}],"wp:term":[{"taxonomy":"product_cat","embeddable":true,"href":"https:\/\/vohnabrindes.com.br\/index.php\/wp-json\/wp\/v2\/product_cat?post=4959"},{"taxonomy":"product_tag","embeddable":true,"href":"https:\/\/vohnabrindes.com.br\/index.php\/wp-json\/wp\/v2\/product_tag?post=4959"}],"curies":[{"name":"wp","href":"https:\/\/api.w.org\/{rel}","templated":true}]}}