{"id":4965,"date":"2025-05-30T21:39:34","date_gmt":"2025-05-31T00:39:34","guid":{"rendered":"https:\/\/vohnabrindes.com.br\/?post_type=product&#038;p=4965"},"modified":"2025-05-30T21:39:38","modified_gmt":"2025-05-31T00:39:38","slug":"sacola-tnt-laminado-brilhante-personalizada","status":"publish","type":"product","link":"https:\/\/vohnabrindes.com.br\/index.php\/product\/sacola-tnt-laminado-brilhante-personalizada\/","title":{"rendered":"Sacola tnt laminado brilhante personalizada."},"content":{"rendered":"<div class=\"ref\">92850-SAWGRASS.<\/div>\n<div class=\"ref\">Sacola tnt laminado brilhante personalizada.<\/div>\n<div class=\"texto\">Sacola em non-woven laminado (90 g\/m\u00b2) com al\u00e7as de 50 cm e com lamina\u00e7\u00e3o brilhante.<\/div>\n<div class=\"texto\">dimens\u00f5es: 340 x 350 x 80 mm<\/div>\n","protected":false},"excerpt":{"rendered":"<p>92850-SAWGRASS. Sacola tnt laminado brilhante personalizada. Sacola em non-woven laminado (90 g\/m\u00b2) com al\u00e7as de 50 cm e com lamina\u00e7\u00e3o brilhante. dimens\u00f5es: 340 x 350 x<span class=\"excerpt-hellip\"> [\u2026]<\/span><\/p>\n","protected":false},"featured_media":2111,"comment_status":"open","ping_status":"closed","template":"","meta":[],"product_cat":[210],"product_tag":[757,758],"class_list":["post-4965","product","type-product","status-publish","has-post-thumbnail","hentry","product_cat-sacolas","product_tag-sacola-laminada-personalizada","product_tag-sacola-tnt-laminado-brilhante-personalizada"],"_links":{"self":[{"href":"https:\/\/vohnabrindes.com.br\/index.php\/wp-json\/wp\/v2\/product\/4965","targetHints":{"allow":["GET"]}}],"collection":[{"href":"https:\/\/vohnabrindes.com.br\/index.php\/wp-json\/wp\/v2\/product"}],"about":[{"href":"https:\/\/vohnabrindes.com.br\/index.php\/wp-json\/wp\/v2\/types\/product"}],"replies":[{"embeddable":true,"href":"https:\/\/vohnabrindes.com.br\/index.php\/wp-json\/wp\/v2\/comments?post=4965"}],"version-history":[{"count":1,"href":"https:\/\/vohnabrindes.com.br\/index.php\/wp-json\/wp\/v2\/product\/4965\/revisions"}],"predecessor-version":[{"id":4996,"href":"https:\/\/vohnabrindes.com.br\/index.php\/wp-json\/wp\/v2\/product\/4965\/revisions\/4996"}],"wp:featuredmedia":[{"embeddable":true,"href":"https:\/\/vohnabrindes.com.br\/index.php\/wp-json\/wp\/v2\/media\/2111"}],"wp:attachment":[{"href":"https:\/\/vohnabrindes.com.br\/index.php\/wp-json\/wp\/v2\/media?parent=4965"}],"wp:term":[{"taxonomy":"product_cat","embeddable":true,"href":"https:\/\/vohnabrindes.com.br\/index.php\/wp-json\/wp\/v2\/product_cat?post=4965"},{"taxonomy":"product_tag","embeddable":true,"href":"https:\/\/vohnabrindes.com.br\/index.php\/wp-json\/wp\/v2\/product_tag?post=4965"}],"curies":[{"name":"wp","href":"https:\/\/api.w.org\/{rel}","templated":true}]}}