{"id":4968,"date":"2025-05-30T21:39:34","date_gmt":"2025-05-31T00:39:34","guid":{"rendered":"https:\/\/vohnabrindes.com.br\/?post_type=product&#038;p=4968"},"modified":"2025-05-30T21:39:38","modified_gmt":"2025-05-31T00:39:38","slug":"sacola-ecologica-luxo-personalizada","status":"publish","type":"product","link":"https:\/\/vohnabrindes.com.br\/index.php\/product\/sacola-ecologica-luxo-personalizada\/","title":{"rendered":"Sacola ecol\u00f3gica luxo personalizada."},"content":{"rendered":"<div class=\"ref\">92869-FERIA.<\/div>\n<div class=\"ref\">Sacola ecol\u00f3gica luxo personalizada.<\/div>\n<div class=\"texto\">Sacola 100% algod\u00e3o (180 g\/m\u00b2) com al\u00e7as de 60 cm em corti\u00e7a e com bolso interior.<\/div>\n<div class=\"texto\">dimens\u00f5es: 450 x 400 x 105 mm<\/div>\n","protected":false},"excerpt":{"rendered":"<p>92869-FERIA. Sacola ecol\u00f3gica luxo personalizada. Sacola 100% algod\u00e3o (180 g\/m\u00b2) com al\u00e7as de 60 cm em corti\u00e7a e com bolso interior. dimens\u00f5es: 450 x 400 x<span class=\"excerpt-hellip\"> [\u2026]<\/span><\/p>\n","protected":false},"featured_media":2117,"comment_status":"open","ping_status":"closed","template":"","meta":[],"product_cat":[126,210],"product_tag":[381,750,761],"class_list":["post-4968","product","type-product","status-publish","has-post-thumbnail","hentry","product_cat-linha-ecologica","product_cat-sacolas","product_tag-sacola-com-logomarca","product_tag-sacola-ecologica","product_tag-sacola-ecologica-luxo-personalizada"],"_links":{"self":[{"href":"https:\/\/vohnabrindes.com.br\/index.php\/wp-json\/wp\/v2\/product\/4968","targetHints":{"allow":["GET"]}}],"collection":[{"href":"https:\/\/vohnabrindes.com.br\/index.php\/wp-json\/wp\/v2\/product"}],"about":[{"href":"https:\/\/vohnabrindes.com.br\/index.php\/wp-json\/wp\/v2\/types\/product"}],"replies":[{"embeddable":true,"href":"https:\/\/vohnabrindes.com.br\/index.php\/wp-json\/wp\/v2\/comments?post=4968"}],"version-history":[{"count":1,"href":"https:\/\/vohnabrindes.com.br\/index.php\/wp-json\/wp\/v2\/product\/4968\/revisions"}],"predecessor-version":[{"id":4999,"href":"https:\/\/vohnabrindes.com.br\/index.php\/wp-json\/wp\/v2\/product\/4968\/revisions\/4999"}],"wp:featuredmedia":[{"embeddable":true,"href":"https:\/\/vohnabrindes.com.br\/index.php\/wp-json\/wp\/v2\/media\/2117"}],"wp:attachment":[{"href":"https:\/\/vohnabrindes.com.br\/index.php\/wp-json\/wp\/v2\/media?parent=4968"}],"wp:term":[{"taxonomy":"product_cat","embeddable":true,"href":"https:\/\/vohnabrindes.com.br\/index.php\/wp-json\/wp\/v2\/product_cat?post=4968"},{"taxonomy":"product_tag","embeddable":true,"href":"https:\/\/vohnabrindes.com.br\/index.php\/wp-json\/wp\/v2\/product_tag?post=4968"}],"curies":[{"name":"wp","href":"https:\/\/api.w.org\/{rel}","templated":true}]}}