{"id":4969,"date":"2025-05-30T21:39:34","date_gmt":"2025-05-31T00:39:34","guid":{"rendered":"https:\/\/vohnabrindes.com.br\/?post_type=product&#038;p=4969"},"modified":"2025-05-30T21:39:38","modified_gmt":"2025-05-31T00:39:38","slug":"caderno-personalizado","status":"publish","type":"product","link":"https:\/\/vohnabrindes.com.br\/index.php\/product\/caderno-personalizado\/","title":{"rendered":"Caderno personalizado."},"content":{"rendered":"<pre class=\"mb-3\">CAD140<\/pre>\n<div class=\"d-block\">\n<div>\n<p>Caderno de anota\u00e7\u00f5es com suporte para caneta, fechamento com el\u00e1stico, capa dura em material recicl\u00e1vel, suporte para celular na capa e\u00a0miolo com 80 folhas pautadas na cor bege. N\u00c3O ACOMPANHA CANETA.<\/p>\n<div class=\"d-flex justify-content-between align-items-center\">\n<div class=\"text-end w-50\"><strong>Dimens\u00e3o do Produto:<\/strong>21,3&#215;14,5cm<\/div>\n<\/div>\n<div class=\"d-flex justify-content-between align-items-center\">\n<div class=\"text-end w-50\"><strong>Peso do Produto:<\/strong>0,280kg<\/div>\n<\/div>\n<\/div>\n<\/div>\n","protected":false},"excerpt":{"rendered":"<p>CAD140 Caderno de anota\u00e7\u00f5es com suporte para caneta, fechamento com el\u00e1stico, capa dura em material recicl\u00e1vel, suporte para celular na capa e\u00a0miolo com 80 folhas pautadas<span class=\"excerpt-hellip\"> [\u2026]<\/span><\/p>\n","protected":false},"featured_media":2119,"comment_status":"open","ping_status":"closed","template":"","meta":[],"product_cat":[146,144],"product_tag":[216,160],"class_list":["post-4969","product","type-product","status-publish","has-post-thumbnail","hentry","product_cat-blocos-e-cadernetas","product_cat-cadernos-e-pastas","product_tag-bloco-de-anotacoes-com-logo","product_tag-caderno-personalizado"],"_links":{"self":[{"href":"https:\/\/vohnabrindes.com.br\/index.php\/wp-json\/wp\/v2\/product\/4969","targetHints":{"allow":["GET"]}}],"collection":[{"href":"https:\/\/vohnabrindes.com.br\/index.php\/wp-json\/wp\/v2\/product"}],"about":[{"href":"https:\/\/vohnabrindes.com.br\/index.php\/wp-json\/wp\/v2\/types\/product"}],"replies":[{"embeddable":true,"href":"https:\/\/vohnabrindes.com.br\/index.php\/wp-json\/wp\/v2\/comments?post=4969"}],"version-history":[{"count":1,"href":"https:\/\/vohnabrindes.com.br\/index.php\/wp-json\/wp\/v2\/product\/4969\/revisions"}],"predecessor-version":[{"id":5000,"href":"https:\/\/vohnabrindes.com.br\/index.php\/wp-json\/wp\/v2\/product\/4969\/revisions\/5000"}],"wp:featuredmedia":[{"embeddable":true,"href":"https:\/\/vohnabrindes.com.br\/index.php\/wp-json\/wp\/v2\/media\/2119"}],"wp:attachment":[{"href":"https:\/\/vohnabrindes.com.br\/index.php\/wp-json\/wp\/v2\/media?parent=4969"}],"wp:term":[{"taxonomy":"product_cat","embeddable":true,"href":"https:\/\/vohnabrindes.com.br\/index.php\/wp-json\/wp\/v2\/product_cat?post=4969"},{"taxonomy":"product_tag","embeddable":true,"href":"https:\/\/vohnabrindes.com.br\/index.php\/wp-json\/wp\/v2\/product_tag?post=4969"}],"curies":[{"name":"wp","href":"https:\/\/api.w.org\/{rel}","templated":true}]}}