{"id":4970,"date":"2025-05-30T21:39:34","date_gmt":"2025-05-31T00:39:34","guid":{"rendered":"https:\/\/vohnabrindes.com.br\/?post_type=product&#038;p=4970"},"modified":"2025-05-30T21:39:38","modified_gmt":"2025-05-31T00:39:38","slug":"bloco-de-anotacoes-personalizados","status":"publish","type":"product","link":"https:\/\/vohnabrindes.com.br\/index.php\/product\/bloco-de-anotacoes-personalizados\/","title":{"rendered":"Bloco de anota\u00e7\u00f5es personalizados."},"content":{"rendered":"<pre class=\"mb-3\">CAD160<\/pre>\n<div class=\"d-block\">\n<div>\n<p>Caderno de anota\u00e7\u00f5es com suporte para caneta, capa dura em material recicl\u00e1vel e bambu, miolo com\u00a080 folhas pautadas na cor bege. N\u00c3O ACOMPANHA CANETA.<\/p>\n<div class=\"d-flex justify-content-between align-items-center\">\n<div class=\"text-end w-50\"><strong>Dimens\u00e3o do Produto:<\/strong>21,3&#215;14,5cm<\/div>\n<\/div>\n<div class=\"d-flex justify-content-between align-items-center\">\n<div class=\"text-end w-50\"><strong>Peso do Produto:<\/strong>0,245kg<\/div>\n<\/div>\n<\/div>\n<\/div>\n","protected":false},"excerpt":{"rendered":"<p>CAD160 Caderno de anota\u00e7\u00f5es com suporte para caneta, capa dura em material recicl\u00e1vel e bambu, miolo com\u00a080 folhas pautadas na cor bege. N\u00c3O ACOMPANHA CANETA. Dimens\u00e3o<span class=\"excerpt-hellip\"> [\u2026]<\/span><\/p>\n","protected":false},"featured_media":2121,"comment_status":"open","ping_status":"closed","template":"","meta":[],"product_cat":[146,144],"product_tag":[762,763],"class_list":["post-4970","product","type-product","status-publish","has-post-thumbnail","hentry","product_cat-blocos-e-cadernetas","product_cat-cadernos-e-pastas","product_tag-bloco-de-anotacoes-personalizados","product_tag-cadernos-personalizados"],"_links":{"self":[{"href":"https:\/\/vohnabrindes.com.br\/index.php\/wp-json\/wp\/v2\/product\/4970","targetHints":{"allow":["GET"]}}],"collection":[{"href":"https:\/\/vohnabrindes.com.br\/index.php\/wp-json\/wp\/v2\/product"}],"about":[{"href":"https:\/\/vohnabrindes.com.br\/index.php\/wp-json\/wp\/v2\/types\/product"}],"replies":[{"embeddable":true,"href":"https:\/\/vohnabrindes.com.br\/index.php\/wp-json\/wp\/v2\/comments?post=4970"}],"version-history":[{"count":1,"href":"https:\/\/vohnabrindes.com.br\/index.php\/wp-json\/wp\/v2\/product\/4970\/revisions"}],"predecessor-version":[{"id":5001,"href":"https:\/\/vohnabrindes.com.br\/index.php\/wp-json\/wp\/v2\/product\/4970\/revisions\/5001"}],"wp:featuredmedia":[{"embeddable":true,"href":"https:\/\/vohnabrindes.com.br\/index.php\/wp-json\/wp\/v2\/media\/2121"}],"wp:attachment":[{"href":"https:\/\/vohnabrindes.com.br\/index.php\/wp-json\/wp\/v2\/media?parent=4970"}],"wp:term":[{"taxonomy":"product_cat","embeddable":true,"href":"https:\/\/vohnabrindes.com.br\/index.php\/wp-json\/wp\/v2\/product_cat?post=4970"},{"taxonomy":"product_tag","embeddable":true,"href":"https:\/\/vohnabrindes.com.br\/index.php\/wp-json\/wp\/v2\/product_tag?post=4970"}],"curies":[{"name":"wp","href":"https:\/\/api.w.org\/{rel}","templated":true}]}}