{"id":4971,"date":"2025-05-30T21:39:34","date_gmt":"2025-05-31T00:39:34","guid":{"rendered":"https:\/\/vohnabrindes.com.br\/?post_type=product&#038;p=4971"},"modified":"2025-05-30T21:39:38","modified_gmt":"2025-05-31T00:39:38","slug":"bloco-de-anotacoes-personalizado","status":"publish","type":"product","link":"https:\/\/vohnabrindes.com.br\/index.php\/product\/bloco-de-anotacoes-personalizado\/","title":{"rendered":"Bloco de anota\u00e7\u00f5es personalizado."},"content":{"rendered":"<pre class=\"mb-3\">CAD200<\/pre>\n<div class=\"d-block\">\n<div>\n<p>Caderno de anota\u00e7\u00f5es com el\u00e1stico e\u00a0suporte para\u00a0caneta, capa dura com 3mm em material recicl\u00e1vel com detalhes em\u00a0bambu, miolo com 96\u00a0folhas pautadas na cor branca. N\u00e3o acompanha caneta.<\/p>\n<div class=\"d-flex justify-content-between align-items-center\">\n<div class=\"text-end w-50\"><strong>Dimens\u00e3o do produto:<\/strong>18,9&#215;12,9cm<\/div>\n<\/div>\n<div class=\"d-flex justify-content-between align-items-center\">\n<div class=\"text-end w-50\"><strong>Peso do produto:<\/strong>0,285kg<\/div>\n<\/div>\n<\/div>\n<\/div>\n","protected":false},"excerpt":{"rendered":"<p>CAD200 Caderno de anota\u00e7\u00f5es com el\u00e1stico e\u00a0suporte para\u00a0caneta, capa dura com 3mm em material recicl\u00e1vel com detalhes em\u00a0bambu, miolo com 96\u00a0folhas pautadas na cor branca. N\u00e3o<span class=\"excerpt-hellip\"> [\u2026]<\/span><\/p>\n","protected":false},"featured_media":2131,"comment_status":"open","ping_status":"closed","template":"","meta":[],"product_cat":[146,144],"product_tag":[764,160,150],"class_list":["post-4971","product","type-product","status-publish","has-post-thumbnail","hentry","product_cat-blocos-e-cadernetas","product_cat-cadernos-e-pastas","product_tag-bloco-de-anotacoes-personalizado","product_tag-caderno-personalizado","product_tag-moleskine-personalizado"],"_links":{"self":[{"href":"https:\/\/vohnabrindes.com.br\/index.php\/wp-json\/wp\/v2\/product\/4971","targetHints":{"allow":["GET"]}}],"collection":[{"href":"https:\/\/vohnabrindes.com.br\/index.php\/wp-json\/wp\/v2\/product"}],"about":[{"href":"https:\/\/vohnabrindes.com.br\/index.php\/wp-json\/wp\/v2\/types\/product"}],"replies":[{"embeddable":true,"href":"https:\/\/vohnabrindes.com.br\/index.php\/wp-json\/wp\/v2\/comments?post=4971"}],"version-history":[{"count":1,"href":"https:\/\/vohnabrindes.com.br\/index.php\/wp-json\/wp\/v2\/product\/4971\/revisions"}],"predecessor-version":[{"id":5002,"href":"https:\/\/vohnabrindes.com.br\/index.php\/wp-json\/wp\/v2\/product\/4971\/revisions\/5002"}],"wp:featuredmedia":[{"embeddable":true,"href":"https:\/\/vohnabrindes.com.br\/index.php\/wp-json\/wp\/v2\/media\/2131"}],"wp:attachment":[{"href":"https:\/\/vohnabrindes.com.br\/index.php\/wp-json\/wp\/v2\/media?parent=4971"}],"wp:term":[{"taxonomy":"product_cat","embeddable":true,"href":"https:\/\/vohnabrindes.com.br\/index.php\/wp-json\/wp\/v2\/product_cat?post=4971"},{"taxonomy":"product_tag","embeddable":true,"href":"https:\/\/vohnabrindes.com.br\/index.php\/wp-json\/wp\/v2\/product_tag?post=4971"}],"curies":[{"name":"wp","href":"https:\/\/api.w.org\/{rel}","templated":true}]}}