{"id":4974,"date":"2025-05-30T21:39:35","date_gmt":"2025-05-31T00:39:35","guid":{"rendered":"https:\/\/vohnabrindes.com.br\/?post_type=product&#038;p=4974"},"modified":"2025-05-30T21:39:38","modified_gmt":"2025-05-31T00:39:38","slug":"caderno-personalizado-2","status":"publish","type":"product","link":"https:\/\/vohnabrindes.com.br\/index.php\/product\/caderno-personalizado-2\/","title":{"rendered":"Caderno personalizado."},"content":{"rendered":"<pre class=\"mb-3\">CAD330<\/pre>\n<div class=\"d-block\">\n<div>\n<p>Caderno capa dura. S\u00e3o 96 folhas, 192 p\u00e1ginas com 8 p\u00e1ginas iniciais padr\u00e3o sendo dados pessoais, calend\u00e1rio, planejamento anual e trimestral.<\/p>\n<div class=\"d-flex justify-content-between align-items-center\">\n<div class=\"text-end w-50\"><strong>Dimens\u00e3o do Produto:<\/strong>24x18x1,5cm<\/div>\n<\/div>\n<div class=\"d-flex justify-content-between align-items-center\">\n<div class=\"text-end w-50\"><strong>Peso do Produto:<\/strong>0,445kg<\/div>\n<\/div>\n<\/div>\n<\/div>\n","protected":false},"excerpt":{"rendered":"<p>CAD330 Caderno capa dura. S\u00e3o 96 folhas, 192 p\u00e1ginas com 8 p\u00e1ginas iniciais padr\u00e3o sendo dados pessoais, calend\u00e1rio, planejamento anual e trimestral. Dimens\u00e3o do Produto:24x18x1,5cm Peso<span class=\"excerpt-hellip\"> [\u2026]<\/span><\/p>\n","protected":false},"featured_media":2137,"comment_status":"open","ping_status":"closed","template":"","meta":[],"product_cat":[144],"product_tag":[158,160],"class_list":["post-4974","product","type-product","status-publish","has-post-thumbnail","hentry","product_cat-cadernos-e-pastas","product_tag-caderno","product_tag-caderno-personalizado"],"_links":{"self":[{"href":"https:\/\/vohnabrindes.com.br\/index.php\/wp-json\/wp\/v2\/product\/4974","targetHints":{"allow":["GET"]}}],"collection":[{"href":"https:\/\/vohnabrindes.com.br\/index.php\/wp-json\/wp\/v2\/product"}],"about":[{"href":"https:\/\/vohnabrindes.com.br\/index.php\/wp-json\/wp\/v2\/types\/product"}],"replies":[{"embeddable":true,"href":"https:\/\/vohnabrindes.com.br\/index.php\/wp-json\/wp\/v2\/comments?post=4974"}],"version-history":[{"count":1,"href":"https:\/\/vohnabrindes.com.br\/index.php\/wp-json\/wp\/v2\/product\/4974\/revisions"}],"predecessor-version":[{"id":5005,"href":"https:\/\/vohnabrindes.com.br\/index.php\/wp-json\/wp\/v2\/product\/4974\/revisions\/5005"}],"wp:featuredmedia":[{"embeddable":true,"href":"https:\/\/vohnabrindes.com.br\/index.php\/wp-json\/wp\/v2\/media\/2137"}],"wp:attachment":[{"href":"https:\/\/vohnabrindes.com.br\/index.php\/wp-json\/wp\/v2\/media?parent=4974"}],"wp:term":[{"taxonomy":"product_cat","embeddable":true,"href":"https:\/\/vohnabrindes.com.br\/index.php\/wp-json\/wp\/v2\/product_cat?post=4974"},{"taxonomy":"product_tag","embeddable":true,"href":"https:\/\/vohnabrindes.com.br\/index.php\/wp-json\/wp\/v2\/product_tag?post=4974"}],"curies":[{"name":"wp","href":"https:\/\/api.w.org\/{rel}","templated":true}]}}