{"id":5015,"date":"2025-05-30T21:39:39","date_gmt":"2025-05-31T00:39:39","guid":{"rendered":"https:\/\/vohnabrindes.com.br\/?post_type=product&#038;p=5015"},"modified":"2025-05-30T21:39:41","modified_gmt":"2025-05-31T00:39:41","slug":"tigela-dupla-pets-personalizada","status":"publish","type":"product","link":"https:\/\/vohnabrindes.com.br\/index.php\/product\/tigela-dupla-pets-personalizada\/","title":{"rendered":"Tigela Dupla pets personalizada."},"content":{"rendered":"<pre id=\"item_referencia\">03150<\/pre>\n<p class=\"produto-nome\">Tigela Dupla<\/p>\n<div class=\"caracs\">\n<div class=\"desc\">\n<p class=\"desc-tit\"><span class=\"desc-sub my-desc-sub\">Conjunto de tigela dupla de a\u00e7o inoxid\u00e1vel para animais de estima\u00e7\u00e3o.<\/span><\/p>\n<\/div>\n<div class=\"desc\">\n<p class=\"desc-tit\">Altura<span class=\"desc-sub\">\u00a0:\u00a0 3,5 cm<\/span><\/p>\n<\/div>\n<div class=\"desc\">\n<p class=\"desc-tit\">Largura<span class=\"desc-sub\">\u00a0:\u00a0 30 cm<\/span><\/p>\n<\/div>\n<div class=\"desc\">\n<p class=\"desc-tit\">Comprimento<span class=\"desc-sub\">\u00a0:\u00a0 30 cm<\/span><\/p>\n<\/div>\n<div class=\"desc\">\n<p class=\"desc-tit\">Medidas aproximadas para grava\u00e7\u00e3o<span class=\"desc-sub\">\u00a0(CxL):\u00a0 Bandeja: 3 cm X 3 cm &#8211; Tigelas: 4 X 4 cm<\/span><\/p>\n<\/div>\n<div class=\"desc\">\n<p class=\"desc-tit\">Peso aproximado<span class=\"desc-sub\">\u00a0(g):\u00a0 214<\/span><\/p>\n<\/div>\n<\/div>\n","protected":false},"excerpt":{"rendered":"<p>03150 Tigela Dupla Conjunto de tigela dupla de a\u00e7o inoxid\u00e1vel para animais de estima\u00e7\u00e3o. Altura\u00a0:\u00a0 3,5 cm Largura\u00a0:\u00a0 30 cm Comprimento\u00a0:\u00a0 30 cm Medidas aproximadas para<span class=\"excerpt-hellip\"> [\u2026]<\/span><\/p>\n","protected":false},"featured_media":2159,"comment_status":"open","ping_status":"closed","template":"","meta":[],"product_cat":[738],"product_tag":[740,778],"class_list":["post-5015","product","type-product","status-publish","has-post-thumbnail","hentry","product_cat-linha-pet","product_tag-linha-pet-personalizada","product_tag-tigela-dupla-pets-personalizada"],"_links":{"self":[{"href":"https:\/\/vohnabrindes.com.br\/index.php\/wp-json\/wp\/v2\/product\/5015","targetHints":{"allow":["GET"]}}],"collection":[{"href":"https:\/\/vohnabrindes.com.br\/index.php\/wp-json\/wp\/v2\/product"}],"about":[{"href":"https:\/\/vohnabrindes.com.br\/index.php\/wp-json\/wp\/v2\/types\/product"}],"replies":[{"embeddable":true,"href":"https:\/\/vohnabrindes.com.br\/index.php\/wp-json\/wp\/v2\/comments?post=5015"}],"version-history":[{"count":1,"href":"https:\/\/vohnabrindes.com.br\/index.php\/wp-json\/wp\/v2\/product\/5015\/revisions"}],"predecessor-version":[{"id":5045,"href":"https:\/\/vohnabrindes.com.br\/index.php\/wp-json\/wp\/v2\/product\/5015\/revisions\/5045"}],"wp:featuredmedia":[{"embeddable":true,"href":"https:\/\/vohnabrindes.com.br\/index.php\/wp-json\/wp\/v2\/media\/2159"}],"wp:attachment":[{"href":"https:\/\/vohnabrindes.com.br\/index.php\/wp-json\/wp\/v2\/media?parent=5015"}],"wp:term":[{"taxonomy":"product_cat","embeddable":true,"href":"https:\/\/vohnabrindes.com.br\/index.php\/wp-json\/wp\/v2\/product_cat?post=5015"},{"taxonomy":"product_tag","embeddable":true,"href":"https:\/\/vohnabrindes.com.br\/index.php\/wp-json\/wp\/v2\/product_tag?post=5015"}],"curies":[{"name":"wp","href":"https:\/\/api.w.org\/{rel}","templated":true}]}}