{"id":5029,"date":"2025-05-30T21:39:40","date_gmt":"2025-05-31T00:39:40","guid":{"rendered":"https:\/\/vohnabrindes.com.br\/?post_type=product&#038;p=5029"},"modified":"2025-05-30T21:39:43","modified_gmt":"2025-05-31T00:39:43","slug":"necessaire-brilhante-personalizada","status":"publish","type":"product","link":"https:\/\/vohnabrindes.com.br\/index.php\/product\/necessaire-brilhante-personalizada\/","title":{"rendered":"Necessaire brilhante personalizada."},"content":{"rendered":"<div class=\"ref\">92713-LOREN.<\/div>\n<div><\/div>\n<div class=\"ref\">Necessaire brilhante personalizada.<\/div>\n<div class=\"ref\">Bolsa multiusos em PVC com z\u00edper, dispon\u00edvel em cores metalizadas.<\/div>\n<div class=\"ref\">Pr\u00e1tica e compacta ideal para uso di\u00e1rio ou em viagem.<\/div>\n<div class=\"ref\">dimens\u00f5es: 140 x 95 x 70 mm<\/div>\n","protected":false},"excerpt":{"rendered":"<p>92713-LOREN. Necessaire brilhante personalizada. Bolsa multiusos em PVC com z\u00edper, dispon\u00edvel em cores metalizadas. Pr\u00e1tica e compacta ideal para uso di\u00e1rio ou em viagem. dimens\u00f5es: 140<span class=\"excerpt-hellip\"> [\u2026]<\/span><\/p>\n","protected":false},"featured_media":2229,"comment_status":"open","ping_status":"closed","template":"","meta":[],"product_cat":[783],"product_tag":[799,784,800,786],"class_list":["post-5029","product","type-product","status-publish","has-post-thumbnail","hentry","product_cat-necessaires","product_tag-necessaire-brilhante-personalizada","product_tag-necessaire-com-logomarca","product_tag-necessaire-feminina","product_tag-necessaire-personalizada"],"_links":{"self":[{"href":"https:\/\/vohnabrindes.com.br\/index.php\/wp-json\/wp\/v2\/product\/5029","targetHints":{"allow":["GET"]}}],"collection":[{"href":"https:\/\/vohnabrindes.com.br\/index.php\/wp-json\/wp\/v2\/product"}],"about":[{"href":"https:\/\/vohnabrindes.com.br\/index.php\/wp-json\/wp\/v2\/types\/product"}],"replies":[{"embeddable":true,"href":"https:\/\/vohnabrindes.com.br\/index.php\/wp-json\/wp\/v2\/comments?post=5029"}],"version-history":[{"count":1,"href":"https:\/\/vohnabrindes.com.br\/index.php\/wp-json\/wp\/v2\/product\/5029\/revisions"}],"predecessor-version":[{"id":5060,"href":"https:\/\/vohnabrindes.com.br\/index.php\/wp-json\/wp\/v2\/product\/5029\/revisions\/5060"}],"wp:featuredmedia":[{"embeddable":true,"href":"https:\/\/vohnabrindes.com.br\/index.php\/wp-json\/wp\/v2\/media\/2229"}],"wp:attachment":[{"href":"https:\/\/vohnabrindes.com.br\/index.php\/wp-json\/wp\/v2\/media?parent=5029"}],"wp:term":[{"taxonomy":"product_cat","embeddable":true,"href":"https:\/\/vohnabrindes.com.br\/index.php\/wp-json\/wp\/v2\/product_cat?post=5029"},{"taxonomy":"product_tag","embeddable":true,"href":"https:\/\/vohnabrindes.com.br\/index.php\/wp-json\/wp\/v2\/product_tag?post=5029"}],"curies":[{"name":"wp","href":"https:\/\/api.w.org\/{rel}","templated":true}]}}