{"id":5031,"date":"2025-05-30T21:39:40","date_gmt":"2025-05-31T00:39:40","guid":{"rendered":"https:\/\/vohnabrindes.com.br\/?post_type=product&#038;p=5031"},"modified":"2025-05-30T21:39:43","modified_gmt":"2025-05-31T00:39:43","slug":"necessaire-personalizada-5","status":"publish","type":"product","link":"https:\/\/vohnabrindes.com.br\/index.php\/product\/necessaire-personalizada-5\/","title":{"rendered":"Necessaire personalizada."},"content":{"rendered":"<div class=\"ref\">92716-ANJELICA.<\/div>\n<div class=\"ref\">necessaire personalizada.<\/div>\n<div class=\"texto\">Bolsa de cosm\u00e9ticos em microfibra e tela.<\/div>\n<div class=\"texto\">dimens\u00f5es: \u00f8155 x 145 mm<\/div>\n","protected":false},"excerpt":{"rendered":"<p>92716-ANJELICA. necessaire personalizada. Bolsa de cosm\u00e9ticos em microfibra e tela. dimens\u00f5es: \u00f8155 x 145 mm<\/p>\n","protected":false},"featured_media":2233,"comment_status":"open","ping_status":"closed","template":"","meta":[],"product_cat":[783],"product_tag":[801,784,800,786],"class_list":["post-5031","product","type-product","status-publish","has-post-thumbnail","hentry","product_cat-necessaires","product_tag-nce","product_tag-necessaire-com-logomarca","product_tag-necessaire-feminina","product_tag-necessaire-personalizada"],"_links":{"self":[{"href":"https:\/\/vohnabrindes.com.br\/index.php\/wp-json\/wp\/v2\/product\/5031","targetHints":{"allow":["GET"]}}],"collection":[{"href":"https:\/\/vohnabrindes.com.br\/index.php\/wp-json\/wp\/v2\/product"}],"about":[{"href":"https:\/\/vohnabrindes.com.br\/index.php\/wp-json\/wp\/v2\/types\/product"}],"replies":[{"embeddable":true,"href":"https:\/\/vohnabrindes.com.br\/index.php\/wp-json\/wp\/v2\/comments?post=5031"}],"version-history":[{"count":1,"href":"https:\/\/vohnabrindes.com.br\/index.php\/wp-json\/wp\/v2\/product\/5031\/revisions"}],"predecessor-version":[{"id":5062,"href":"https:\/\/vohnabrindes.com.br\/index.php\/wp-json\/wp\/v2\/product\/5031\/revisions\/5062"}],"wp:featuredmedia":[{"embeddable":true,"href":"https:\/\/vohnabrindes.com.br\/index.php\/wp-json\/wp\/v2\/media\/2233"}],"wp:attachment":[{"href":"https:\/\/vohnabrindes.com.br\/index.php\/wp-json\/wp\/v2\/media?parent=5031"}],"wp:term":[{"taxonomy":"product_cat","embeddable":true,"href":"https:\/\/vohnabrindes.com.br\/index.php\/wp-json\/wp\/v2\/product_cat?post=5031"},{"taxonomy":"product_tag","embeddable":true,"href":"https:\/\/vohnabrindes.com.br\/index.php\/wp-json\/wp\/v2\/product_tag?post=5031"}],"curies":[{"name":"wp","href":"https:\/\/api.w.org\/{rel}","templated":true}]}}