{"id":5033,"date":"2025-05-30T21:39:40","date_gmt":"2025-05-31T00:39:40","guid":{"rendered":"https:\/\/vohnabrindes.com.br\/?post_type=product&#038;p=5033"},"modified":"2025-05-30T21:39:43","modified_gmt":"2025-05-31T00:39:43","slug":"bloco-de-anotacoes-ecologico-personalizado-2","status":"publish","type":"product","link":"https:\/\/vohnabrindes.com.br\/index.php\/product\/bloco-de-anotacoes-ecologico-personalizado-2\/","title":{"rendered":"Bloco de anota\u00e7\u00f5es ecol\u00f3gico personalizado."},"content":{"rendered":"<div class=\"ref\">93707-MARLOWE.<\/div>\n<div class=\"ref\">Bloco de anota\u00e7\u00f5es ecol\u00f3gico personalizado.<\/div>\n<div class=\"texto\">Caderno de bolso espiral com 60 folhas pautadas de papel reciclado e capa dura em cart\u00e3o com el\u00e1stico.<\/div>\n<div class=\"texto\">dimens\u00f5es:100 x 140 mm<\/div>\n","protected":false},"excerpt":{"rendered":"<p>93707-MARLOWE. Bloco de anota\u00e7\u00f5es ecol\u00f3gico personalizado. Caderno de bolso espiral com 60 folhas pautadas de papel reciclado e capa dura em cart\u00e3o com el\u00e1stico. dimens\u00f5es:100 x<span class=\"excerpt-hellip\"> [\u2026]<\/span><\/p>\n","protected":false},"featured_media":2241,"comment_status":"open","ping_status":"closed","template":"","meta":[],"product_cat":[146],"product_tag":[216,802,764],"class_list":["post-5033","product","type-product","status-publish","has-post-thumbnail","hentry","product_cat-blocos-e-cadernetas","product_tag-bloco-de-anotacoes-com-logo","product_tag-bloco-de-anotacoes-ecologico-personalizado","product_tag-bloco-de-anotacoes-personalizado"],"_links":{"self":[{"href":"https:\/\/vohnabrindes.com.br\/index.php\/wp-json\/wp\/v2\/product\/5033","targetHints":{"allow":["GET"]}}],"collection":[{"href":"https:\/\/vohnabrindes.com.br\/index.php\/wp-json\/wp\/v2\/product"}],"about":[{"href":"https:\/\/vohnabrindes.com.br\/index.php\/wp-json\/wp\/v2\/types\/product"}],"replies":[{"embeddable":true,"href":"https:\/\/vohnabrindes.com.br\/index.php\/wp-json\/wp\/v2\/comments?post=5033"}],"version-history":[{"count":1,"href":"https:\/\/vohnabrindes.com.br\/index.php\/wp-json\/wp\/v2\/product\/5033\/revisions"}],"predecessor-version":[{"id":5064,"href":"https:\/\/vohnabrindes.com.br\/index.php\/wp-json\/wp\/v2\/product\/5033\/revisions\/5064"}],"wp:featuredmedia":[{"embeddable":true,"href":"https:\/\/vohnabrindes.com.br\/index.php\/wp-json\/wp\/v2\/media\/2241"}],"wp:attachment":[{"href":"https:\/\/vohnabrindes.com.br\/index.php\/wp-json\/wp\/v2\/media?parent=5033"}],"wp:term":[{"taxonomy":"product_cat","embeddable":true,"href":"https:\/\/vohnabrindes.com.br\/index.php\/wp-json\/wp\/v2\/product_cat?post=5033"},{"taxonomy":"product_tag","embeddable":true,"href":"https:\/\/vohnabrindes.com.br\/index.php\/wp-json\/wp\/v2\/product_tag?post=5033"}],"curies":[{"name":"wp","href":"https:\/\/api.w.org\/{rel}","templated":true}]}}