{"id":5034,"date":"2025-05-30T21:39:40","date_gmt":"2025-05-31T00:39:40","guid":{"rendered":"https:\/\/vohnabrindes.com.br\/?post_type=product&#038;p=5034"},"modified":"2025-05-30T21:39:44","modified_gmt":"2025-05-31T00:39:44","slug":"bloco-de-anotacoes-ecologico-personalizado-3","status":"publish","type":"product","link":"https:\/\/vohnabrindes.com.br\/index.php\/product\/bloco-de-anotacoes-ecologico-personalizado-3\/","title":{"rendered":"Bloco de anota\u00e7\u00f5es ecol\u00f3gico personalizado."},"content":{"rendered":"<div class=\"ref\">93709-FLAUBERT.<\/div>\n<div class=\"ref\">Bloco de anota\u00e7\u00f5es ecol\u00f3gico personalizado.<\/div>\n<div class=\"texto\">Caderno de bolso com 80 folhas lisas de papel reciclado e capa dura em cart\u00e3o.<\/div>\n<div class=\"texto\">Cont\u00e9m el\u00e1stico e fita separadora.<\/div>\n<div class=\"texto\">dimens\u00f5es: 100 x 140 mm<\/div>\n","protected":false},"excerpt":{"rendered":"<p>93709-FLAUBERT. Bloco de anota\u00e7\u00f5es ecol\u00f3gico personalizado. Caderno de bolso com 80 folhas lisas de papel reciclado e capa dura em cart\u00e3o. Cont\u00e9m el\u00e1stico e fita separadora.<span class=\"excerpt-hellip\"> [\u2026]<\/span><\/p>\n","protected":false},"featured_media":2243,"comment_status":"open","ping_status":"closed","template":"","meta":[],"product_cat":[146],"product_tag":[216,802],"class_list":["post-5034","product","type-product","status-publish","has-post-thumbnail","hentry","product_cat-blocos-e-cadernetas","product_tag-bloco-de-anotacoes-com-logo","product_tag-bloco-de-anotacoes-ecologico-personalizado"],"_links":{"self":[{"href":"https:\/\/vohnabrindes.com.br\/index.php\/wp-json\/wp\/v2\/product\/5034","targetHints":{"allow":["GET"]}}],"collection":[{"href":"https:\/\/vohnabrindes.com.br\/index.php\/wp-json\/wp\/v2\/product"}],"about":[{"href":"https:\/\/vohnabrindes.com.br\/index.php\/wp-json\/wp\/v2\/types\/product"}],"replies":[{"embeddable":true,"href":"https:\/\/vohnabrindes.com.br\/index.php\/wp-json\/wp\/v2\/comments?post=5034"}],"version-history":[{"count":1,"href":"https:\/\/vohnabrindes.com.br\/index.php\/wp-json\/wp\/v2\/product\/5034\/revisions"}],"predecessor-version":[{"id":5065,"href":"https:\/\/vohnabrindes.com.br\/index.php\/wp-json\/wp\/v2\/product\/5034\/revisions\/5065"}],"wp:featuredmedia":[{"embeddable":true,"href":"https:\/\/vohnabrindes.com.br\/index.php\/wp-json\/wp\/v2\/media\/2243"}],"wp:attachment":[{"href":"https:\/\/vohnabrindes.com.br\/index.php\/wp-json\/wp\/v2\/media?parent=5034"}],"wp:term":[{"taxonomy":"product_cat","embeddable":true,"href":"https:\/\/vohnabrindes.com.br\/index.php\/wp-json\/wp\/v2\/product_cat?post=5034"},{"taxonomy":"product_tag","embeddable":true,"href":"https:\/\/vohnabrindes.com.br\/index.php\/wp-json\/wp\/v2\/product_tag?post=5034"}],"curies":[{"name":"wp","href":"https:\/\/api.w.org\/{rel}","templated":true}]}}