{"id":5035,"date":"2025-05-30T21:39:40","date_gmt":"2025-05-31T00:39:40","guid":{"rendered":"https:\/\/vohnabrindes.com.br\/?post_type=product&#038;p=5035"},"modified":"2025-05-30T21:39:44","modified_gmt":"2025-05-31T00:39:44","slug":"bloco-de-anotacoes-ecologicamente-correto-personalizado","status":"publish","type":"product","link":"https:\/\/vohnabrindes.com.br\/index.php\/product\/bloco-de-anotacoes-ecologicamente-correto-personalizado\/","title":{"rendered":"Bloco de anota\u00e7\u00f5es ecologicamente correto personalizado."},"content":{"rendered":"<div class=\"ref\">93461-BULFINCH.<\/div>\n<div><\/div>\n<div class=\"ref\">Bloco de anota\u00e7\u00f5es ecologicamente correto personalizado.<\/div>\n<div class=\"texto\">Caderno B7 com 30 folhas lisas de papel reciclado e capa em cart\u00e3o.<\/div>\n<div class=\"texto\">dimens\u00f5es:93 x 125 mm<\/div>\n","protected":false},"excerpt":{"rendered":"<p>93461-BULFINCH. Bloco de anota\u00e7\u00f5es ecologicamente correto personalizado. Caderno B7 com 30 folhas lisas de papel reciclado e capa em cart\u00e3o. dimens\u00f5es:93 x 125 mm<\/p>\n","protected":false},"featured_media":2248,"comment_status":"open","ping_status":"closed","template":"","meta":[],"product_cat":[146],"product_tag":[216,803,163],"class_list":["post-5035","product","type-product","status-publish","has-post-thumbnail","hentry","product_cat-blocos-e-cadernetas","product_tag-bloco-de-anotacoes-com-logo","product_tag-bloco-de-anotacoes-ecologicamente-correto-personalizado","product_tag-bloco-de-anotacoes-ecologico"],"_links":{"self":[{"href":"https:\/\/vohnabrindes.com.br\/index.php\/wp-json\/wp\/v2\/product\/5035","targetHints":{"allow":["GET"]}}],"collection":[{"href":"https:\/\/vohnabrindes.com.br\/index.php\/wp-json\/wp\/v2\/product"}],"about":[{"href":"https:\/\/vohnabrindes.com.br\/index.php\/wp-json\/wp\/v2\/types\/product"}],"replies":[{"embeddable":true,"href":"https:\/\/vohnabrindes.com.br\/index.php\/wp-json\/wp\/v2\/comments?post=5035"}],"version-history":[{"count":1,"href":"https:\/\/vohnabrindes.com.br\/index.php\/wp-json\/wp\/v2\/product\/5035\/revisions"}],"predecessor-version":[{"id":5066,"href":"https:\/\/vohnabrindes.com.br\/index.php\/wp-json\/wp\/v2\/product\/5035\/revisions\/5066"}],"wp:featuredmedia":[{"embeddable":true,"href":"https:\/\/vohnabrindes.com.br\/index.php\/wp-json\/wp\/v2\/media\/2248"}],"wp:attachment":[{"href":"https:\/\/vohnabrindes.com.br\/index.php\/wp-json\/wp\/v2\/media?parent=5035"}],"wp:term":[{"taxonomy":"product_cat","embeddable":true,"href":"https:\/\/vohnabrindes.com.br\/index.php\/wp-json\/wp\/v2\/product_cat?post=5035"},{"taxonomy":"product_tag","embeddable":true,"href":"https:\/\/vohnabrindes.com.br\/index.php\/wp-json\/wp\/v2\/product_tag?post=5035"}],"curies":[{"name":"wp","href":"https:\/\/api.w.org\/{rel}","templated":true}]}}