{"id":5036,"date":"2025-05-30T21:39:40","date_gmt":"2025-05-31T00:39:40","guid":{"rendered":"https:\/\/vohnabrindes.com.br\/?post_type=product&#038;p=5036"},"modified":"2025-05-30T21:39:44","modified_gmt":"2025-05-31T00:39:44","slug":"bloco-de-anotacoes-ecologicamente-correto-personalizado-2","status":"publish","type":"product","link":"https:\/\/vohnabrindes.com.br\/index.php\/product\/bloco-de-anotacoes-ecologicamente-correto-personalizado-2\/","title":{"rendered":"Bloco de anota\u00e7\u00f5es ecologicamente correto personalizado."},"content":{"rendered":"<div class=\"ref\">93495-ECOWN.<\/div>\n<div class=\"ref\">Bloco de anota\u00e7\u00f5es ecologicamente correto personalizado.<\/div>\n<div class=\"texto\">Caderno A5 com 40 folhas pautadas e capa flex\u00edvel em cart\u00e3o.<\/div>\n<div class=\"texto\">dimens\u00f5es:140 x 210 mm<\/div>\n","protected":false},"excerpt":{"rendered":"<p>93495-ECOWN. Bloco de anota\u00e7\u00f5es ecologicamente correto personalizado. Caderno A5 com 40 folhas pautadas e capa flex\u00edvel em cart\u00e3o. dimens\u00f5es:140 x 210 mm<\/p>\n","protected":false},"featured_media":2250,"comment_status":"open","ping_status":"closed","template":"","meta":[],"product_cat":[146],"product_tag":[148,216,803],"class_list":["post-5036","product","type-product","status-publish","has-post-thumbnail","hentry","product_cat-blocos-e-cadernetas","product_tag-bloco-de-anotacoes","product_tag-bloco-de-anotacoes-com-logo","product_tag-bloco-de-anotacoes-ecologicamente-correto-personalizado"],"_links":{"self":[{"href":"https:\/\/vohnabrindes.com.br\/index.php\/wp-json\/wp\/v2\/product\/5036","targetHints":{"allow":["GET"]}}],"collection":[{"href":"https:\/\/vohnabrindes.com.br\/index.php\/wp-json\/wp\/v2\/product"}],"about":[{"href":"https:\/\/vohnabrindes.com.br\/index.php\/wp-json\/wp\/v2\/types\/product"}],"replies":[{"embeddable":true,"href":"https:\/\/vohnabrindes.com.br\/index.php\/wp-json\/wp\/v2\/comments?post=5036"}],"version-history":[{"count":1,"href":"https:\/\/vohnabrindes.com.br\/index.php\/wp-json\/wp\/v2\/product\/5036\/revisions"}],"predecessor-version":[{"id":5067,"href":"https:\/\/vohnabrindes.com.br\/index.php\/wp-json\/wp\/v2\/product\/5036\/revisions\/5067"}],"wp:featuredmedia":[{"embeddable":true,"href":"https:\/\/vohnabrindes.com.br\/index.php\/wp-json\/wp\/v2\/media\/2250"}],"wp:attachment":[{"href":"https:\/\/vohnabrindes.com.br\/index.php\/wp-json\/wp\/v2\/media?parent=5036"}],"wp:term":[{"taxonomy":"product_cat","embeddable":true,"href":"https:\/\/vohnabrindes.com.br\/index.php\/wp-json\/wp\/v2\/product_cat?post=5036"},{"taxonomy":"product_tag","embeddable":true,"href":"https:\/\/vohnabrindes.com.br\/index.php\/wp-json\/wp\/v2\/product_tag?post=5036"}],"curies":[{"name":"wp","href":"https:\/\/api.w.org\/{rel}","templated":true}]}}