{"id":5072,"date":"2025-05-30T21:39:44","date_gmt":"2025-05-31T00:39:44","guid":{"rendered":"https:\/\/vohnabrindes.com.br\/?post_type=product&#038;p=5072"},"modified":"2025-05-30T21:39:46","modified_gmt":"2025-05-31T00:39:46","slug":"avental-para-crianca-personalizado-2","status":"publish","type":"product","link":"https:\/\/vohnabrindes.com.br\/index.php\/product\/avental-para-crianca-personalizado-2\/","title":{"rendered":"Avental para crian\u00e7a personalizado."},"content":{"rendered":"<p>Avental para crian\u00e7a personalizado.<\/p>\n<p>confeccionado em pvc transparente com ou sem bolso a escolher<\/p>\n<p>m\u00ednimo 100 pe\u00e7as<\/p>\n","protected":false},"excerpt":{"rendered":"<p>Avental para crian\u00e7a personalizado. confeccionado em pvc transparente com ou sem bolso a escolher m\u00ednimo 100 pe\u00e7as<\/p>\n","protected":false},"featured_media":2266,"comment_status":"open","ping_status":"closed","template":"","meta":[],"product_cat":[395],"product_tag":[810,806,807,808,396],"class_list":["post-5072","product","type-product","status-publish","has-post-thumbnail","hentry","product_cat-kids-e-escolar","product_tag-avental-escolar-personalizado","product_tag-avental-infantil-personalizado","product_tag-avental-para-crianca-personalizado","product_tag-brindes-dia-da-crianca","product_tag-brindes-infantis"],"_links":{"self":[{"href":"https:\/\/vohnabrindes.com.br\/index.php\/wp-json\/wp\/v2\/product\/5072","targetHints":{"allow":["GET"]}}],"collection":[{"href":"https:\/\/vohnabrindes.com.br\/index.php\/wp-json\/wp\/v2\/product"}],"about":[{"href":"https:\/\/vohnabrindes.com.br\/index.php\/wp-json\/wp\/v2\/types\/product"}],"replies":[{"embeddable":true,"href":"https:\/\/vohnabrindes.com.br\/index.php\/wp-json\/wp\/v2\/comments?post=5072"}],"version-history":[{"count":1,"href":"https:\/\/vohnabrindes.com.br\/index.php\/wp-json\/wp\/v2\/product\/5072\/revisions"}],"predecessor-version":[{"id":5102,"href":"https:\/\/vohnabrindes.com.br\/index.php\/wp-json\/wp\/v2\/product\/5072\/revisions\/5102"}],"wp:featuredmedia":[{"embeddable":true,"href":"https:\/\/vohnabrindes.com.br\/index.php\/wp-json\/wp\/v2\/media\/2266"}],"wp:attachment":[{"href":"https:\/\/vohnabrindes.com.br\/index.php\/wp-json\/wp\/v2\/media?parent=5072"}],"wp:term":[{"taxonomy":"product_cat","embeddable":true,"href":"https:\/\/vohnabrindes.com.br\/index.php\/wp-json\/wp\/v2\/product_cat?post=5072"},{"taxonomy":"product_tag","embeddable":true,"href":"https:\/\/vohnabrindes.com.br\/index.php\/wp-json\/wp\/v2\/product_tag?post=5072"}],"curies":[{"name":"wp","href":"https:\/\/api.w.org\/{rel}","templated":true}]}}