{"id":5077,"date":"2025-05-30T21:39:45","date_gmt":"2025-05-31T00:39:45","guid":{"rendered":"https:\/\/vohnabrindes.com.br\/?post_type=product&#038;p=5077"},"modified":"2025-05-30T21:39:46","modified_gmt":"2025-05-31T00:39:46","slug":"tapete-de-yoga-ecologico-personalizado","status":"publish","type":"product","link":"https:\/\/vohnabrindes.com.br\/index.php\/product\/tapete-de-yoga-ecologico-personalizado\/","title":{"rendered":"Tapete de yoga ecol\u00f3gico personalizado."},"content":{"rendered":"<div class=\"ref\">98138-GERES.<\/div>\n<div class=\"ref\">Tapete de yoga ecol\u00f3gico personalizado.<\/div>\n<div class=\"texto\">Tapete de exerc\u00edcio para yoga em corti\u00e7a e TPE com espessura at\u00e9 3,7 mm.<\/div>\n<div class=\"texto\">Inclui al\u00e7a que pode ser usada para transporte ou para utilizar no exerc\u00edcio f\u00edsico.<\/div>\n<div class=\"texto\">Inv\u00f3lucro papel ilustrativo de exerc\u00edcios que pode realizar com o tapete. Fechado: \u00d8100 x 610 mm | Aberto: 1830 x 610 x 3,7 mm<\/div>\n","protected":false},"excerpt":{"rendered":"<p>98138-GERES. Tapete de yoga ecol\u00f3gico personalizado. Tapete de exerc\u00edcio para yoga em corti\u00e7a e TPE com espessura at\u00e9 3,7 mm. Inclui al\u00e7a que pode ser usada<span class=\"excerpt-hellip\"> [\u2026]<\/span><\/p>\n","protected":false},"featured_media":2279,"comment_status":"open","ping_status":"closed","template":"","meta":[],"product_cat":[350,152,126],"product_tag":[817,776],"class_list":["post-5077","product","type-product","status-publish","has-post-thumbnail","hentry","product_cat-fitness-e-lazer","product_cat-lancamentos","product_cat-linha-ecologica","product_tag-tapete-de-yoga-ecologico-personalizado","product_tag-tapete-yoga-tpe-ecologico"],"_links":{"self":[{"href":"https:\/\/vohnabrindes.com.br\/index.php\/wp-json\/wp\/v2\/product\/5077","targetHints":{"allow":["GET"]}}],"collection":[{"href":"https:\/\/vohnabrindes.com.br\/index.php\/wp-json\/wp\/v2\/product"}],"about":[{"href":"https:\/\/vohnabrindes.com.br\/index.php\/wp-json\/wp\/v2\/types\/product"}],"replies":[{"embeddable":true,"href":"https:\/\/vohnabrindes.com.br\/index.php\/wp-json\/wp\/v2\/comments?post=5077"}],"version-history":[{"count":1,"href":"https:\/\/vohnabrindes.com.br\/index.php\/wp-json\/wp\/v2\/product\/5077\/revisions"}],"predecessor-version":[{"id":5107,"href":"https:\/\/vohnabrindes.com.br\/index.php\/wp-json\/wp\/v2\/product\/5077\/revisions\/5107"}],"wp:featuredmedia":[{"embeddable":true,"href":"https:\/\/vohnabrindes.com.br\/index.php\/wp-json\/wp\/v2\/media\/2279"}],"wp:attachment":[{"href":"https:\/\/vohnabrindes.com.br\/index.php\/wp-json\/wp\/v2\/media?parent=5077"}],"wp:term":[{"taxonomy":"product_cat","embeddable":true,"href":"https:\/\/vohnabrindes.com.br\/index.php\/wp-json\/wp\/v2\/product_cat?post=5077"},{"taxonomy":"product_tag","embeddable":true,"href":"https:\/\/vohnabrindes.com.br\/index.php\/wp-json\/wp\/v2\/product_tag?post=5077"}],"curies":[{"name":"wp","href":"https:\/\/api.w.org\/{rel}","templated":true}]}}