{"id":5078,"date":"2025-05-30T21:39:45","date_gmt":"2025-05-31T00:39:45","guid":{"rendered":"https:\/\/vohnabrindes.com.br\/?post_type=product&#038;p=5078"},"modified":"2025-05-30T21:39:46","modified_gmt":"2025-05-31T00:39:46","slug":"conjunto-de-caneta-e-lapiseira-ecologico-personalizado","status":"publish","type":"product","link":"https:\/\/vohnabrindes.com.br\/index.php\/product\/conjunto-de-caneta-e-lapiseira-ecologico-personalizado\/","title":{"rendered":"Conjunto de caneta e lapiseira ecol\u00f3gico personalizado."},"content":{"rendered":"<div class=\"ref\">91846-LEAF.<\/div>\n<div class=\"ref\">Conjunto de caneta e lapiseira ecol\u00f3gico personalizado.<\/div>\n<div class=\"texto\">Conjunto de esferogr\u00e1fica e lapiseira em papel kraft. Ambos os produtos t\u00eam clipe.<\/div>\n<div class=\"texto\">A lapiseira \u00e9 de 0.5 mm. Escrita a azul. Fornecido com uma embalagem em cart\u00e3o. \u00f810 x 138 mm | envelope: 175 x 55 mm<\/div>\n","protected":false},"excerpt":{"rendered":"<p>91846-LEAF. Conjunto de caneta e lapiseira ecol\u00f3gico personalizado. Conjunto de esferogr\u00e1fica e lapiseira em papel kraft. Ambos os produtos t\u00eam clipe. A lapiseira \u00e9 de 0.5<span class=\"excerpt-hellip\"> [\u2026]<\/span><\/p>\n","protected":false},"featured_media":2284,"comment_status":"open","ping_status":"closed","template":"","meta":[],"product_cat":[219,383,220,395,688,126],"product_tag":[818,819],"class_list":["post-5078","product","type-product","status-publish","has-post-thumbnail","hentry","product_cat-canetas","product_cat-canetas-eco","product_cat-canetas-plasticas","product_cat-kids-e-escolar","product_cat-lapis","product_cat-linha-ecologica","product_tag-conjunto-caneta-e-lapiseira-personalizado","product_tag-conjunto-de-caneta-e-lapiseira-ecologico-personalizado"],"_links":{"self":[{"href":"https:\/\/vohnabrindes.com.br\/index.php\/wp-json\/wp\/v2\/product\/5078","targetHints":{"allow":["GET"]}}],"collection":[{"href":"https:\/\/vohnabrindes.com.br\/index.php\/wp-json\/wp\/v2\/product"}],"about":[{"href":"https:\/\/vohnabrindes.com.br\/index.php\/wp-json\/wp\/v2\/types\/product"}],"replies":[{"embeddable":true,"href":"https:\/\/vohnabrindes.com.br\/index.php\/wp-json\/wp\/v2\/comments?post=5078"}],"version-history":[{"count":1,"href":"https:\/\/vohnabrindes.com.br\/index.php\/wp-json\/wp\/v2\/product\/5078\/revisions"}],"predecessor-version":[{"id":5108,"href":"https:\/\/vohnabrindes.com.br\/index.php\/wp-json\/wp\/v2\/product\/5078\/revisions\/5108"}],"wp:featuredmedia":[{"embeddable":true,"href":"https:\/\/vohnabrindes.com.br\/index.php\/wp-json\/wp\/v2\/media\/2284"}],"wp:attachment":[{"href":"https:\/\/vohnabrindes.com.br\/index.php\/wp-json\/wp\/v2\/media?parent=5078"}],"wp:term":[{"taxonomy":"product_cat","embeddable":true,"href":"https:\/\/vohnabrindes.com.br\/index.php\/wp-json\/wp\/v2\/product_cat?post=5078"},{"taxonomy":"product_tag","embeddable":true,"href":"https:\/\/vohnabrindes.com.br\/index.php\/wp-json\/wp\/v2\/product_tag?post=5078"}],"curies":[{"name":"wp","href":"https:\/\/api.w.org\/{rel}","templated":true}]}}