{"id":5088,"date":"2025-05-30T21:39:45","date_gmt":"2025-05-31T00:39:45","guid":{"rendered":"https:\/\/vohnabrindes.com.br\/?post_type=product&#038;p=5088"},"modified":"2025-05-30T21:39:47","modified_gmt":"2025-05-31T00:39:47","slug":"caneta-em-madeira-ecologica-personalizada","status":"publish","type":"product","link":"https:\/\/vohnabrindes.com.br\/index.php\/product\/caneta-em-madeira-ecologica-personalizada\/","title":{"rendered":"Caneta em madeira ecol\u00f3gica personalizada."},"content":{"rendered":"<div class=\"ref\">91219WOODY.<\/div>\n<div class=\"ref\">Caneta em madeira ecol\u00f3gica personalizada.<\/div>\n<div class=\"texto\">Esferogr\u00e1fica em madeira com tampa transparente. Esferogr\u00e1fica amiga do ambiente. Escrita em azul<\/div>\n","protected":false},"excerpt":{"rendered":"<p>91219WOODY. Caneta em madeira ecol\u00f3gica personalizada. Esferogr\u00e1fica em madeira com tampa transparente. Esferogr\u00e1fica amiga do ambiente. Escrita em azul<\/p>\n","protected":false},"featured_media":2310,"comment_status":"open","ping_status":"closed","template":"","meta":[],"product_cat":[219,383],"product_tag":[830,221],"class_list":["post-5088","product","type-product","status-publish","has-post-thumbnail","hentry","product_cat-canetas","product_cat-canetas-eco","product_tag-caneta-em-madeira-ecologica-personalizada","product_tag-caneta-personalizada"],"_links":{"self":[{"href":"https:\/\/vohnabrindes.com.br\/index.php\/wp-json\/wp\/v2\/product\/5088","targetHints":{"allow":["GET"]}}],"collection":[{"href":"https:\/\/vohnabrindes.com.br\/index.php\/wp-json\/wp\/v2\/product"}],"about":[{"href":"https:\/\/vohnabrindes.com.br\/index.php\/wp-json\/wp\/v2\/types\/product"}],"replies":[{"embeddable":true,"href":"https:\/\/vohnabrindes.com.br\/index.php\/wp-json\/wp\/v2\/comments?post=5088"}],"version-history":[{"count":1,"href":"https:\/\/vohnabrindes.com.br\/index.php\/wp-json\/wp\/v2\/product\/5088\/revisions"}],"predecessor-version":[{"id":5118,"href":"https:\/\/vohnabrindes.com.br\/index.php\/wp-json\/wp\/v2\/product\/5088\/revisions\/5118"}],"wp:featuredmedia":[{"embeddable":true,"href":"https:\/\/vohnabrindes.com.br\/index.php\/wp-json\/wp\/v2\/media\/2310"}],"wp:attachment":[{"href":"https:\/\/vohnabrindes.com.br\/index.php\/wp-json\/wp\/v2\/media?parent=5088"}],"wp:term":[{"taxonomy":"product_cat","embeddable":true,"href":"https:\/\/vohnabrindes.com.br\/index.php\/wp-json\/wp\/v2\/product_cat?post=5088"},{"taxonomy":"product_tag","embeddable":true,"href":"https:\/\/vohnabrindes.com.br\/index.php\/wp-json\/wp\/v2\/product_tag?post=5088"}],"curies":[{"name":"wp","href":"https:\/\/api.w.org\/{rel}","templated":true}]}}