{"id":5090,"date":"2025-05-30T21:39:45","date_gmt":"2025-05-31T00:39:45","guid":{"rendered":"https:\/\/vohnabrindes.com.br\/?post_type=product&#038;p=5090"},"modified":"2025-05-30T21:39:47","modified_gmt":"2025-05-31T00:39:47","slug":"espelho-de-aco-inox-personalizado","status":"publish","type":"product","link":"https:\/\/vohnabrindes.com.br\/index.php\/product\/espelho-de-aco-inox-personalizado\/","title":{"rendered":"Espelho de A\u00e7o Inox personalizado."},"content":{"rendered":"<pre id=\"item_referencia\">06027<\/pre>\n<div class=\"caracs\">\n<div class=\"desc\">\n<p class=\"desc-tit\"><span class=\"desc-sub my-desc-sub\">Espelho inquebr\u00e1vel de a\u00e7o inoxid\u00e1vel ultra fino com verso escovado e al\u00e7a em couro sint\u00e9tico. Acompanha estojo de couro sint\u00e9tico.<\/span><\/p>\n<\/div>\n<div class=\"desc\">\n<p class=\"desc-tit\">Altura<span class=\"desc-sub\">\u00a0:\u00a0 6,2 cm<\/span><\/p>\n<\/div>\n<div class=\"desc\">\n<p class=\"desc-tit\">Largura<span class=\"desc-sub\">\u00a0:\u00a0 6,5 cm<\/span><\/p>\n<\/div>\n<div class=\"desc\">\n<p class=\"desc-tit\">Espessura<span class=\"desc-sub\">\u00a0:\u00a0 0,4 cm<\/span><\/p>\n<\/div>\n<div class=\"desc\">\n<p class=\"desc-tit\">Tamanho total aproximado <span class=\"desc-sub\">\u00a0(CxL):\u00a0 Espelho: 5,7 cm x 5,7 cm<\/span><\/p>\n<\/div>\n<div class=\"desc\">\n<p class=\"desc-tit\">Peso aproximado<span class=\"desc-sub\">\u00a0(g):\u00a0 27<\/span><\/p>\n<\/div>\n<\/div>\n","protected":false},"excerpt":{"rendered":"<p>06027 Espelho inquebr\u00e1vel de a\u00e7o inoxid\u00e1vel ultra fino com verso escovado e al\u00e7a em couro sint\u00e9tico. Acompanha estojo de couro sint\u00e9tico. Altura\u00a0:\u00a0 6,2 cm Largura\u00a0:\u00a0 6,5<span class=\"excerpt-hellip\"> [\u2026]<\/span><\/p>\n","protected":false},"featured_media":2314,"comment_status":"open","ping_status":"closed","template":"","meta":[],"product_cat":[184],"product_tag":[833,775],"class_list":["post-5090","product","type-product","status-publish","has-post-thumbnail","hentry","product_cat-linha-feminina","product_tag-espelho-de-aco-inox-personalizado","product_tag-espelho-personalizado"],"_links":{"self":[{"href":"https:\/\/vohnabrindes.com.br\/index.php\/wp-json\/wp\/v2\/product\/5090","targetHints":{"allow":["GET"]}}],"collection":[{"href":"https:\/\/vohnabrindes.com.br\/index.php\/wp-json\/wp\/v2\/product"}],"about":[{"href":"https:\/\/vohnabrindes.com.br\/index.php\/wp-json\/wp\/v2\/types\/product"}],"replies":[{"embeddable":true,"href":"https:\/\/vohnabrindes.com.br\/index.php\/wp-json\/wp\/v2\/comments?post=5090"}],"version-history":[{"count":1,"href":"https:\/\/vohnabrindes.com.br\/index.php\/wp-json\/wp\/v2\/product\/5090\/revisions"}],"predecessor-version":[{"id":5120,"href":"https:\/\/vohnabrindes.com.br\/index.php\/wp-json\/wp\/v2\/product\/5090\/revisions\/5120"}],"wp:featuredmedia":[{"embeddable":true,"href":"https:\/\/vohnabrindes.com.br\/index.php\/wp-json\/wp\/v2\/media\/2314"}],"wp:attachment":[{"href":"https:\/\/vohnabrindes.com.br\/index.php\/wp-json\/wp\/v2\/media?parent=5090"}],"wp:term":[{"taxonomy":"product_cat","embeddable":true,"href":"https:\/\/vohnabrindes.com.br\/index.php\/wp-json\/wp\/v2\/product_cat?post=5090"},{"taxonomy":"product_tag","embeddable":true,"href":"https:\/\/vohnabrindes.com.br\/index.php\/wp-json\/wp\/v2\/product_tag?post=5090"}],"curies":[{"name":"wp","href":"https:\/\/api.w.org\/{rel}","templated":true}]}}