{"id":5092,"date":"2025-05-30T21:39:45","date_gmt":"2025-05-31T00:39:45","guid":{"rendered":"https:\/\/vohnabrindes.com.br\/?post_type=product&#038;p=5092"},"modified":"2025-05-30T21:39:47","modified_gmt":"2025-05-31T00:39:47","slug":"kit-manicure-7-pecas-personalizado","status":"publish","type":"product","link":"https:\/\/vohnabrindes.com.br\/index.php\/product\/kit-manicure-7-pecas-personalizado\/","title":{"rendered":"Kit Manicure 7 Pe\u00e7as personalizado."},"content":{"rendered":"<pre id=\"item_referencia\">01361B<\/pre>\n<p class=\"produto-nome\">Kit manicure 7 pe\u00e7as em estojo de couro sint\u00e9tico. Possui: dois cortadores de unhas, tesoura, lixa, pin\u00e7a, empurrador de cut\u00edcula e palito de unha. Parte interna de TNT com suporte de couro sint\u00e9tico para fixar as pe\u00e7as. Para abrir o estojo basta apertar o bot\u00e3o central.<\/p>\n<div class=\"caracs\">\n<div class=\"desc\">\n<p class=\"desc-tit\">Largura<span class=\"desc-sub\">\u00a0:\u00a0 6,7 cm<\/span><\/p>\n<\/div>\n<div class=\"desc\">\n<p class=\"desc-tit\">Espessura<span class=\"desc-sub\">\u00a0:\u00a0 1,7 cm<\/span><\/p>\n<\/div>\n<div class=\"desc\">\n<p class=\"desc-tit\">Comprimento<span class=\"desc-sub\">\u00a0:\u00a0 10,7 cm<\/span><\/p>\n<\/div>\n<div class=\"desc\">\n<p class=\"desc-tit\">Peso aproximado<span class=\"desc-sub\">\u00a0(g):\u00a0 76<\/span><\/p>\n<\/div>\n<\/div>\n","protected":false},"excerpt":{"rendered":"<p>01361B Kit manicure 7 pe\u00e7as em estojo de couro sint\u00e9tico. Possui: dois cortadores de unhas, tesoura, lixa, pin\u00e7a, empurrador de cut\u00edcula e palito de unha. Parte<span class=\"excerpt-hellip\"> [\u2026]<\/span><\/p>\n","protected":false},"featured_media":2321,"comment_status":"open","ping_status":"closed","template":"","meta":[],"product_cat":[184],"product_tag":[835,193],"class_list":["post-5092","product","type-product","status-publish","has-post-thumbnail","hentry","product_cat-linha-feminina","product_tag-kit-manicure-7-pecas-personalizado","product_tag-kit-manicure-personalizado"],"_links":{"self":[{"href":"https:\/\/vohnabrindes.com.br\/index.php\/wp-json\/wp\/v2\/product\/5092","targetHints":{"allow":["GET"]}}],"collection":[{"href":"https:\/\/vohnabrindes.com.br\/index.php\/wp-json\/wp\/v2\/product"}],"about":[{"href":"https:\/\/vohnabrindes.com.br\/index.php\/wp-json\/wp\/v2\/types\/product"}],"replies":[{"embeddable":true,"href":"https:\/\/vohnabrindes.com.br\/index.php\/wp-json\/wp\/v2\/comments?post=5092"}],"version-history":[{"count":1,"href":"https:\/\/vohnabrindes.com.br\/index.php\/wp-json\/wp\/v2\/product\/5092\/revisions"}],"predecessor-version":[{"id":5122,"href":"https:\/\/vohnabrindes.com.br\/index.php\/wp-json\/wp\/v2\/product\/5092\/revisions\/5122"}],"wp:featuredmedia":[{"embeddable":true,"href":"https:\/\/vohnabrindes.com.br\/index.php\/wp-json\/wp\/v2\/media\/2321"}],"wp:attachment":[{"href":"https:\/\/vohnabrindes.com.br\/index.php\/wp-json\/wp\/v2\/media?parent=5092"}],"wp:term":[{"taxonomy":"product_cat","embeddable":true,"href":"https:\/\/vohnabrindes.com.br\/index.php\/wp-json\/wp\/v2\/product_cat?post=5092"},{"taxonomy":"product_tag","embeddable":true,"href":"https:\/\/vohnabrindes.com.br\/index.php\/wp-json\/wp\/v2\/product_tag?post=5092"}],"curies":[{"name":"wp","href":"https:\/\/api.w.org\/{rel}","templated":true}]}}